{"id":1047,"date":"2024-11-21T10:22:07","date_gmt":"2024-11-21T15:22:07","guid":{"rendered":"https:\/\/altergenieria.com\/?post_type=product&#038;p=1047"},"modified":"2024-12-23T07:17:11","modified_gmt":"2024-12-23T12:17:11","slug":"paneles-solares","status":"publish","type":"product","link":"https:\/\/altergenieria.com\/?product=paneles-solares","title":{"rendered":"Paneles Solares 560W"},"content":{"rendered":"<p style=\"text-align: left;\"><strong>Paneles Solares 560W<\/strong><\/p>\n<p><img loading=\"lazy\" decoding=\"async\" class=\"alignnone size-medium wp-image-1126\" src=\"https:\/\/altergenieria.com\/wp-content\/uploads\/2024\/11\/imagen-paneles1-148x300.webp\" alt=\"\" width=\"148\" height=\"300\" srcset=\"https:\/\/altergenieria.com\/wp-content\/uploads\/2024\/11\/imagen-paneles1-148x300.webp 148w, https:\/\/altergenieria.com\/wp-content\/uploads\/2024\/11\/imagen-paneles1-505x1024.webp 505w, https:\/\/altergenieria.com\/wp-content\/uploads\/2024\/11\/imagen-paneles1.webp 579w\" sizes=\"auto, (max-width: 148px) 100vw, 148px\" \/><\/p>\n","protected":false},"excerpt":{"rendered":"<p><strong>TW Solar<\/strong><br \/>\n<strong>Panel solar de 560W, recomendado para proyectos residenciales y comerciales por su alta eficiencia, 12 a\u00f1os de garant\u00eda y un tiempo de vida de al menos 25 a\u00f1os.<\/strong><\/p>\n","protected":false},"featured_media":1126,"template":"","meta":{"_regular_price":["560000"],"currency_symbol":[],"_uag_custom_page_level_css":""},"product_cat":[22],"product_tag":[],"class_list":{"0":"post-1047","1":"product","2":"type-product","3":"status-publish","4":"has-post-thumbnail","6":"product_cat-paneles-solares","8":"first","9":"instock","10":"sale","11":"taxable","12":"shipping-taxable","13":"purchasable","14":"product-type-simple"},"post_slider_layout_featured_media_urls":{"thumbnail":["https:\/\/altergenieria.com\/wp-content\/uploads\/2024\/11\/imagen-paneles1-150x150.webp",150,150,true],"post_slider_layout_landscape_large":["https:\/\/altergenieria.com\/wp-content\/uploads\/2024\/11\/imagen-paneles1-579x800.webp",579,800,true],"post_slider_layout_portrait_large":["https:\/\/altergenieria.com\/wp-content\/uploads\/2024\/11\/imagen-paneles1.webp",579,1175,false],"post_slider_layout_square_large":["https:\/\/altergenieria.com\/wp-content\/uploads\/2024\/11\/imagen-paneles1.webp",579,1175,false],"post_slider_layout_landscape":["https:\/\/altergenieria.com\/wp-content\/uploads\/2024\/11\/imagen-paneles1-579x400.webp",579,400,true],"post_slider_layout_portrait":["https:\/\/altergenieria.com\/wp-content\/uploads\/2024\/11\/imagen-paneles1-579x900.webp",579,900,true],"post_slider_layout_square":["https:\/\/altergenieria.com\/wp-content\/uploads\/2024\/11\/imagen-paneles1-579x600.webp",579,600,true],"full":["https:\/\/altergenieria.com\/wp-content\/uploads\/2024\/11\/imagen-paneles1.webp",579,1175,false]},"yoast_head":"<!-- This site is optimized with the Yoast SEO plugin v24.0 - https:\/\/yoast.com\/wordpress\/plugins\/seo\/ -->\n<title>Paneles Solares 560W -<\/title>\n<meta name=\"description\" content=\"TW SolarPanel solar de 560W, recomendado para proyectos residenciales y comerciales por su alta eficiencia, 12 a\u00f1os de garant\u00eda y un tiempo de vida de al menos 25 a\u00f1os.-Entrega inmediata, Precio s\u00f3lo en Valledupar, recoger en bodega.\" \/>\n<meta name=\"robots\" content=\"index, follow, max-snippet:-1, max-image-preview:large, max-video-preview:-1\" \/>\n<link rel=\"canonical\" href=\"https:\/\/altergenieria.com\/?product=paneles-solares\" \/>\n<meta property=\"og:locale\" content=\"es_ES\" \/>\n<meta property=\"og:type\" content=\"article\" \/>\n<meta property=\"og:title\" content=\"Paneles Solares 560W -\" \/>\n<meta property=\"og:description\" content=\"TW SolarPanel solar de 560W, recomendado para proyectos residenciales y comerciales por su alta eficiencia, 12 a\u00f1os de garant\u00eda y un tiempo de vida de al menos 25 a\u00f1os.-Entrega inmediata, Precio s\u00f3lo en Valledupar, recoger en bodega.\" \/>\n<meta property=\"og:url\" content=\"https:\/\/altergenieria.com\/?product=paneles-solares\" \/>\n<meta property=\"article:modified_time\" content=\"2024-12-23T12:17:11+00:00\" \/>\n<meta property=\"og:image\" content=\"https:\/\/altergenieria.com\/wp-content\/uploads\/2024\/11\/imagen-paneles1.webp\" \/>\n\t<meta property=\"og:image:width\" content=\"579\" \/>\n\t<meta property=\"og:image:height\" content=\"1175\" \/>\n\t<meta property=\"og:image:type\" content=\"image\/webp\" \/>\n<meta name=\"twitter:card\" content=\"summary_large_image\" \/>\n<meta name=\"twitter:label1\" content=\"Tiempo de lectura\" \/>\n\t<meta name=\"twitter:data1\" content=\"1 minuto\" \/>\n<script type=\"application\/ld+json\" class=\"yoast-schema-graph\">{\"@context\":\"https:\/\/schema.org\",\"@graph\":[{\"@type\":\"WebPage\",\"@id\":\"https:\/\/altergenieria.com\/?product=paneles-solares\",\"url\":\"https:\/\/altergenieria.com\/?product=paneles-solares\",\"name\":\"Paneles Solares 560W -\",\"isPartOf\":{\"@id\":\"https:\/\/altergenieria.com\/#website\"},\"primaryImageOfPage\":{\"@id\":\"https:\/\/altergenieria.com\/?product=paneles-solares#primaryimage\"},\"image\":{\"@id\":\"https:\/\/altergenieria.com\/?product=paneles-solares#primaryimage\"},\"thumbnailUrl\":\"https:\/\/altergenieria.com\/wp-content\/uploads\/2024\/11\/imagen-paneles1.webp\",\"datePublished\":\"2024-11-21T15:22:07+00:00\",\"dateModified\":\"2024-12-23T12:17:11+00:00\",\"description\":\"TW SolarPanel solar de 560W, recomendado para proyectos residenciales y comerciales por su alta eficiencia, 12 a\u00f1os de garant\u00eda y un tiempo de vida de al menos 25 a\u00f1os.-Entrega inmediata, Precio s\u00f3lo en Valledupar, recoger en bodega.\",\"breadcrumb\":{\"@id\":\"https:\/\/altergenieria.com\/?product=paneles-solares#breadcrumb\"},\"inLanguage\":\"es-CO\",\"potentialAction\":[{\"@type\":\"ReadAction\",\"target\":[\"https:\/\/altergenieria.com\/?product=paneles-solares\"]}]},{\"@type\":\"ImageObject\",\"inLanguage\":\"es-CO\",\"@id\":\"https:\/\/altergenieria.com\/?product=paneles-solares#primaryimage\",\"url\":\"https:\/\/altergenieria.com\/wp-content\/uploads\/2024\/11\/imagen-paneles1.webp\",\"contentUrl\":\"https:\/\/altergenieria.com\/wp-content\/uploads\/2024\/11\/imagen-paneles1.webp\",\"width\":579,\"height\":1175},{\"@type\":\"BreadcrumbList\",\"@id\":\"https:\/\/altergenieria.com\/?product=paneles-solares#breadcrumb\",\"itemListElement\":[{\"@type\":\"ListItem\",\"position\":1,\"name\":\"Home\",\"item\":\"https:\/\/altergenieria.com\/\"},{\"@type\":\"ListItem\",\"position\":2,\"name\":\"Tienda Virtual\",\"item\":\"https:\/\/altergenieria.com\/?page_id=802\"},{\"@type\":\"ListItem\",\"position\":3,\"name\":\"Paneles Solares 560W\"}]},{\"@type\":\"WebSite\",\"@id\":\"https:\/\/altergenieria.com\/#website\",\"url\":\"https:\/\/altergenieria.com\/\",\"name\":\"https:\/\/altergenieria.com\/\",\"description\":\"Integramos electr\u00f3nica y Electricidad a tu medida.\",\"publisher\":{\"@id\":\"https:\/\/altergenieria.com\/#organization\"},\"potentialAction\":[{\"@type\":\"SearchAction\",\"target\":{\"@type\":\"EntryPoint\",\"urlTemplate\":\"https:\/\/altergenieria.com\/?s={search_term_string}\"},\"query-input\":{\"@type\":\"PropertyValueSpecification\",\"valueRequired\":true,\"valueName\":\"search_term_string\"}}],\"inLanguage\":\"es-CO\"},{\"@type\":\"Organization\",\"@id\":\"https:\/\/altergenieria.com\/#organization\",\"name\":\"ALTERNATIVA E INGENIER\u00cdA\",\"url\":\"https:\/\/altergenieria.com\/\",\"logo\":{\"@type\":\"ImageObject\",\"inLanguage\":\"es-CO\",\"@id\":\"https:\/\/altergenieria.com\/#\/schema\/logo\/image\/\",\"url\":\"https:\/\/altergenieria.com\/wp-content\/uploads\/2023\/08\/cropped-Logo-Name.png\",\"contentUrl\":\"https:\/\/altergenieria.com\/wp-content\/uploads\/2023\/08\/cropped-Logo-Name.png\",\"width\":1461,\"height\":400,\"caption\":\"ALTERNATIVA E INGENIER\u00cdA\"},\"image\":{\"@id\":\"https:\/\/altergenieria.com\/#\/schema\/logo\/image\/\"},\"sameAs\":[\"https:\/\/www.instagram.com\/altergenieria\/#\"]}]}<\/script>\n<!-- \/ Yoast SEO plugin. -->","yoast_head_json":{"title":"Paneles Solares 560W -","description":"TW SolarPanel solar de 560W, recomendado para proyectos residenciales y comerciales por su alta eficiencia, 12 a\u00f1os de garant\u00eda y un tiempo de vida de al menos 25 a\u00f1os.-Entrega inmediata, Precio s\u00f3lo en Valledupar, recoger en bodega.","robots":{"index":"index","follow":"follow","max-snippet":"max-snippet:-1","max-image-preview":"max-image-preview:large","max-video-preview":"max-video-preview:-1"},"canonical":"https:\/\/altergenieria.com\/?product=paneles-solares","og_locale":"es_ES","og_type":"article","og_title":"Paneles Solares 560W -","og_description":"TW SolarPanel solar de 560W, recomendado para proyectos residenciales y comerciales por su alta eficiencia, 12 a\u00f1os de garant\u00eda y un tiempo de vida de al menos 25 a\u00f1os.-Entrega inmediata, Precio s\u00f3lo en Valledupar, recoger en bodega.","og_url":"https:\/\/altergenieria.com\/?product=paneles-solares","article_modified_time":"2024-12-23T12:17:11+00:00","og_image":[{"width":579,"height":1175,"url":"https:\/\/altergenieria.com\/wp-content\/uploads\/2024\/11\/imagen-paneles1.webp","type":"image\/webp"}],"twitter_card":"summary_large_image","twitter_misc":{"Tiempo de lectura":"1 minuto"},"schema":{"@context":"https:\/\/schema.org","@graph":[{"@type":"WebPage","@id":"https:\/\/altergenieria.com\/?product=paneles-solares","url":"https:\/\/altergenieria.com\/?product=paneles-solares","name":"Paneles Solares 560W -","isPartOf":{"@id":"https:\/\/altergenieria.com\/#website"},"primaryImageOfPage":{"@id":"https:\/\/altergenieria.com\/?product=paneles-solares#primaryimage"},"image":{"@id":"https:\/\/altergenieria.com\/?product=paneles-solares#primaryimage"},"thumbnailUrl":"https:\/\/altergenieria.com\/wp-content\/uploads\/2024\/11\/imagen-paneles1.webp","datePublished":"2024-11-21T15:22:07+00:00","dateModified":"2024-12-23T12:17:11+00:00","description":"TW SolarPanel solar de 560W, recomendado para proyectos residenciales y comerciales por su alta eficiencia, 12 a\u00f1os de garant\u00eda y un tiempo de vida de al menos 25 a\u00f1os.-Entrega inmediata, Precio s\u00f3lo en Valledupar, recoger en bodega.","breadcrumb":{"@id":"https:\/\/altergenieria.com\/?product=paneles-solares#breadcrumb"},"inLanguage":"es-CO","potentialAction":[{"@type":"ReadAction","target":["https:\/\/altergenieria.com\/?product=paneles-solares"]}]},{"@type":"ImageObject","inLanguage":"es-CO","@id":"https:\/\/altergenieria.com\/?product=paneles-solares#primaryimage","url":"https:\/\/altergenieria.com\/wp-content\/uploads\/2024\/11\/imagen-paneles1.webp","contentUrl":"https:\/\/altergenieria.com\/wp-content\/uploads\/2024\/11\/imagen-paneles1.webp","width":579,"height":1175},{"@type":"BreadcrumbList","@id":"https:\/\/altergenieria.com\/?product=paneles-solares#breadcrumb","itemListElement":[{"@type":"ListItem","position":1,"name":"Home","item":"https:\/\/altergenieria.com\/"},{"@type":"ListItem","position":2,"name":"Tienda Virtual","item":"https:\/\/altergenieria.com\/?page_id=802"},{"@type":"ListItem","position":3,"name":"Paneles Solares 560W"}]},{"@type":"WebSite","@id":"https:\/\/altergenieria.com\/#website","url":"https:\/\/altergenieria.com\/","name":"https:\/\/altergenieria.com\/","description":"Integramos electr\u00f3nica y Electricidad a tu medida.","publisher":{"@id":"https:\/\/altergenieria.com\/#organization"},"potentialAction":[{"@type":"SearchAction","target":{"@type":"EntryPoint","urlTemplate":"https:\/\/altergenieria.com\/?s={search_term_string}"},"query-input":{"@type":"PropertyValueSpecification","valueRequired":true,"valueName":"search_term_string"}}],"inLanguage":"es-CO"},{"@type":"Organization","@id":"https:\/\/altergenieria.com\/#organization","name":"ALTERNATIVA E INGENIER\u00cdA","url":"https:\/\/altergenieria.com\/","logo":{"@type":"ImageObject","inLanguage":"es-CO","@id":"https:\/\/altergenieria.com\/#\/schema\/logo\/image\/","url":"https:\/\/altergenieria.com\/wp-content\/uploads\/2023\/08\/cropped-Logo-Name.png","contentUrl":"https:\/\/altergenieria.com\/wp-content\/uploads\/2023\/08\/cropped-Logo-Name.png","width":1461,"height":400,"caption":"ALTERNATIVA E INGENIER\u00cdA"},"image":{"@id":"https:\/\/altergenieria.com\/#\/schema\/logo\/image\/"},"sameAs":["https:\/\/www.instagram.com\/altergenieria\/#"]}]}},"jetpack_sharing_enabled":true,"uagb_featured_image_src":{"full":["https:\/\/altergenieria.com\/wp-content\/uploads\/2024\/11\/imagen-paneles1.webp",579,1175,false],"thumbnail":["https:\/\/altergenieria.com\/wp-content\/uploads\/2024\/11\/imagen-paneles1-150x150.webp",150,150,true],"medium":["https:\/\/altergenieria.com\/wp-content\/uploads\/2024\/11\/imagen-paneles1-148x300.webp",148,300,true],"medium_large":["https:\/\/altergenieria.com\/wp-content\/uploads\/2024\/11\/imagen-paneles1.webp",579,1175,false],"large":["https:\/\/altergenieria.com\/wp-content\/uploads\/2024\/11\/imagen-paneles1-505x1024.webp",505,1024,true],"1536x1536":["https:\/\/altergenieria.com\/wp-content\/uploads\/2024\/11\/imagen-paneles1.webp",579,1175,false],"2048x2048":["https:\/\/altergenieria.com\/wp-content\/uploads\/2024\/11\/imagen-paneles1.webp",579,1175,false],"post_slider_layout_landscape_large":["https:\/\/altergenieria.com\/wp-content\/uploads\/2024\/11\/imagen-paneles1-579x800.webp",579,800,true],"post_slider_layout_portrait_large":["https:\/\/altergenieria.com\/wp-content\/uploads\/2024\/11\/imagen-paneles1.webp",579,1175,false],"post_slider_layout_square_large":["https:\/\/altergenieria.com\/wp-content\/uploads\/2024\/11\/imagen-paneles1.webp",579,1175,false],"post_slider_layout_landscape":["https:\/\/altergenieria.com\/wp-content\/uploads\/2024\/11\/imagen-paneles1-579x400.webp",579,400,true],"post_slider_layout_portrait":["https:\/\/altergenieria.com\/wp-content\/uploads\/2024\/11\/imagen-paneles1-579x900.webp",579,900,true],"post_slider_layout_square":["https:\/\/altergenieria.com\/wp-content\/uploads\/2024\/11\/imagen-paneles1-579x600.webp",579,600,true],"solar-power-homepage-thumb":["https:\/\/altergenieria.com\/wp-content\/uploads\/2024\/11\/imagen-paneles1-240x145.webp",240,145,true],"woocommerce_thumbnail":["https:\/\/altergenieria.com\/wp-content\/uploads\/2024\/11\/imagen-paneles1-300x300.webp",300,300,true],"woocommerce_single":["https:\/\/altergenieria.com\/wp-content\/uploads\/2024\/11\/imagen-paneles1.webp",579,1175,false],"woocommerce_gallery_thumbnail":["https:\/\/altergenieria.com\/wp-content\/uploads\/2024\/11\/imagen-paneles1-100x100.webp",100,100,true]},"uagb_author_info":{"display_name":"Alternativa e Ingenieria","author_link":"https:\/\/altergenieria.com\/?author=0"},"uagb_comment_info":0,"uagb_excerpt":"TW Solar Panel solar de 560W, recomendado para proyectos residenciales y comerciales por su alta eficiencia, 12 a\u00f1os de garant\u00eda y un tiempo de vida de al menos 25 a\u00f1os.","_links":{"self":[{"href":"https:\/\/altergenieria.com\/index.php?rest_route=\/wp\/v2\/product\/1047","targetHints":{"allow":["GET"]}}],"collection":[{"href":"https:\/\/altergenieria.com\/index.php?rest_route=\/wp\/v2\/product"}],"about":[{"href":"https:\/\/altergenieria.com\/index.php?rest_route=\/wp\/v2\/types\/product"}],"wp:featuredmedia":[{"embeddable":true,"href":"https:\/\/altergenieria.com\/index.php?rest_route=\/wp\/v2\/media\/1126"}],"wp:attachment":[{"href":"https:\/\/altergenieria.com\/index.php?rest_route=%2Fwp%2Fv2%2Fmedia&parent=1047"}],"wp:term":[{"taxonomy":"product_cat","embeddable":true,"href":"https:\/\/altergenieria.com\/index.php?rest_route=%2Fwp%2Fv2%2Fproduct_cat&post=1047"},{"taxonomy":"product_tag","embeddable":true,"href":"https:\/\/altergenieria.com\/index.php?rest_route=%2Fwp%2Fv2%2Fproduct_tag&post=1047"}],"curies":[{"name":"wp","href":"https:\/\/api.w.org\/{rel}","templated":true}]}}