{"id":1046,"date":"2024-11-21T09:59:43","date_gmt":"2024-11-21T14:59:43","guid":{"rendered":"https:\/\/altergenieria.com\/?post_type=product&#038;p=1046"},"modified":"2025-07-30T05:15:47","modified_gmt":"2025-07-30T10:15:47","slug":"1046","status":"publish","type":"product","link":"https:\/\/altergenieria.com\/?product=1046","title":{"rendered":"Paneles Solares 460W"},"content":{"rendered":"<p><strong>Paneles Solares 460W<\/strong><\/p>\n<figure id=\"attachment_861\" aria-describedby=\"caption-attachment-861\" style=\"width: 300px\" class=\"wp-caption alignnone\"><img loading=\"lazy\" decoding=\"async\" class=\"size-medium wp-image-861\" src=\"https:\/\/altergenieria.com\/wp-content\/uploads\/2024\/11\/Jasolar-460W-Mono-1536x1536-1-300x300.jpg\" alt=\"\" width=\"300\" height=\"300\" srcset=\"https:\/\/altergenieria.com\/wp-content\/uploads\/2024\/11\/Jasolar-460W-Mono-1536x1536-1-300x300.jpg 300w, https:\/\/altergenieria.com\/wp-content\/uploads\/2024\/11\/Jasolar-460W-Mono-1536x1536-1-1024x1024.jpg 1024w, https:\/\/altergenieria.com\/wp-content\/uploads\/2024\/11\/Jasolar-460W-Mono-1536x1536-1-150x150.jpg 150w, https:\/\/altergenieria.com\/wp-content\/uploads\/2024\/11\/Jasolar-460W-Mono-1536x1536-1-768x768.jpg 768w, https:\/\/altergenieria.com\/wp-content\/uploads\/2024\/11\/Jasolar-460W-Mono-1536x1536-1-1200x1200.jpg 1200w, https:\/\/altergenieria.com\/wp-content\/uploads\/2024\/11\/Jasolar-460W-Mono-1536x1536-1-600x600.jpg 600w, https:\/\/altergenieria.com\/wp-content\/uploads\/2024\/11\/Jasolar-460W-Mono-1536x1536-1-100x100.jpg 100w, https:\/\/altergenieria.com\/wp-content\/uploads\/2024\/11\/Jasolar-460W-Mono-1536x1536-1.jpg 1536w\" sizes=\"auto, (max-width: 300px) 100vw, 300px\" \/><figcaption id=\"caption-attachment-861\" class=\"wp-caption-text\"><strong>\u00a0<\/strong><\/figcaption><\/figure>\n","protected":false},"excerpt":{"rendered":"<p><strong>JA Solar<\/strong><br \/>\n<strong>Panel solar de 460W, potencia ideal para proyectos residenciales o de extracci\u00f3n de agua y riego. alta eficiencia, 12 a\u00f1os de garant\u00eda y un tiempo de vida de al menos 25 a\u00f1os.<\/strong><\/p>\n","protected":false},"featured_media":861,"template":"","meta":{"_regular_price":["510000"],"currency_symbol":[],"_uag_custom_page_level_css":""},"product_cat":[19],"product_tag":[],"class_list":{"0":"post-1046","1":"product","2":"type-product","3":"status-publish","4":"has-post-thumbnail","6":"product_cat-paneles-solares2-paneles-solares2","8":"first","9":"outofstock","10":"sale","11":"taxable","12":"shipping-taxable","13":"purchasable","14":"product-type-simple"},"post_slider_layout_featured_media_urls":{"thumbnail":["https:\/\/altergenieria.com\/wp-content\/uploads\/2024\/11\/Jasolar-460W-Mono-1536x1536-1-150x150.jpg",150,150,true],"post_slider_layout_landscape_large":["https:\/\/altergenieria.com\/wp-content\/uploads\/2024\/11\/Jasolar-460W-Mono-1536x1536-1-1200x800.jpg",1200,800,true],"post_slider_layout_portrait_large":["https:\/\/altergenieria.com\/wp-content\/uploads\/2024\/11\/Jasolar-460W-Mono-1536x1536-1-1200x1536.jpg",1200,1536,true],"post_slider_layout_square_large":["https:\/\/altergenieria.com\/wp-content\/uploads\/2024\/11\/Jasolar-460W-Mono-1536x1536-1-1200x1200.jpg",1200,1200,true],"post_slider_layout_landscape":["https:\/\/altergenieria.com\/wp-content\/uploads\/2024\/11\/Jasolar-460W-Mono-1536x1536-1-600x400.jpg",600,400,true],"post_slider_layout_portrait":["https:\/\/altergenieria.com\/wp-content\/uploads\/2024\/11\/Jasolar-460W-Mono-1536x1536-1-600x900.jpg",600,900,true],"post_slider_layout_square":["https:\/\/altergenieria.com\/wp-content\/uploads\/2024\/11\/Jasolar-460W-Mono-1536x1536-1-600x600.jpg",600,600,true],"full":["https:\/\/altergenieria.com\/wp-content\/uploads\/2024\/11\/Jasolar-460W-Mono-1536x1536-1.jpg",1536,1536,false]},"yoast_head":"<!-- This site is optimized with the Yoast SEO plugin v24.0 - https:\/\/yoast.com\/wordpress\/plugins\/seo\/ -->\n<title>Paneles Solares 460W -<\/title>\n<meta name=\"description\" content=\"JA SolarPanel solar de 460W, potencia ideal para proyectos residenciales o de extracci\u00f3n de agua y riego. alta eficiencia, 12 a\u00f1os de garant\u00eda y un tiempo de vida de al menos 25 a\u00f1os.\" \/>\n<meta name=\"robots\" content=\"index, follow, max-snippet:-1, max-image-preview:large, max-video-preview:-1\" \/>\n<link rel=\"canonical\" href=\"https:\/\/altergenieria.com\/?product=1046\" \/>\n<meta property=\"og:locale\" content=\"es_ES\" \/>\n<meta property=\"og:type\" content=\"article\" \/>\n<meta property=\"og:title\" content=\"Paneles Solares 460W -\" \/>\n<meta property=\"og:description\" content=\"JA SolarPanel solar de 460W, potencia ideal para proyectos residenciales o de extracci\u00f3n de agua y riego. alta eficiencia, 12 a\u00f1os de garant\u00eda y un tiempo de vida de al menos 25 a\u00f1os.\" \/>\n<meta property=\"og:url\" content=\"https:\/\/altergenieria.com\/?product=1046\" \/>\n<meta property=\"article:modified_time\" content=\"2025-07-30T10:15:47+00:00\" \/>\n<meta property=\"og:image\" content=\"https:\/\/altergenieria.com\/wp-content\/uploads\/2024\/11\/Jasolar-460W-Mono-1536x1536-1.jpg\" \/>\n\t<meta property=\"og:image:width\" content=\"1536\" \/>\n\t<meta property=\"og:image:height\" content=\"1536\" \/>\n\t<meta property=\"og:image:type\" content=\"image\/jpeg\" \/>\n<meta name=\"twitter:card\" content=\"summary_large_image\" \/>\n<meta name=\"twitter:label1\" content=\"Tiempo de lectura\" \/>\n\t<meta name=\"twitter:data1\" content=\"1 minuto\" \/>\n<script type=\"application\/ld+json\" class=\"yoast-schema-graph\">{\"@context\":\"https:\/\/schema.org\",\"@graph\":[{\"@type\":\"WebPage\",\"@id\":\"https:\/\/altergenieria.com\/?product=1046\",\"url\":\"https:\/\/altergenieria.com\/?product=1046\",\"name\":\"Paneles Solares 460W -\",\"isPartOf\":{\"@id\":\"https:\/\/altergenieria.com\/#website\"},\"primaryImageOfPage\":{\"@id\":\"https:\/\/altergenieria.com\/?product=1046#primaryimage\"},\"image\":{\"@id\":\"https:\/\/altergenieria.com\/?product=1046#primaryimage\"},\"thumbnailUrl\":\"https:\/\/altergenieria.com\/wp-content\/uploads\/2024\/11\/Jasolar-460W-Mono-1536x1536-1.jpg\",\"datePublished\":\"2024-11-21T14:59:43+00:00\",\"dateModified\":\"2025-07-30T10:15:47+00:00\",\"description\":\"JA SolarPanel solar de 460W, potencia ideal para proyectos residenciales o de extracci\u00f3n de agua y riego. alta eficiencia, 12 a\u00f1os de garant\u00eda y un tiempo de vida de al menos 25 a\u00f1os.\",\"breadcrumb\":{\"@id\":\"https:\/\/altergenieria.com\/?product=1046#breadcrumb\"},\"inLanguage\":\"es-CO\",\"potentialAction\":[{\"@type\":\"ReadAction\",\"target\":[\"https:\/\/altergenieria.com\/?product=1046\"]}]},{\"@type\":\"ImageObject\",\"inLanguage\":\"es-CO\",\"@id\":\"https:\/\/altergenieria.com\/?product=1046#primaryimage\",\"url\":\"https:\/\/altergenieria.com\/wp-content\/uploads\/2024\/11\/Jasolar-460W-Mono-1536x1536-1.jpg\",\"contentUrl\":\"https:\/\/altergenieria.com\/wp-content\/uploads\/2024\/11\/Jasolar-460W-Mono-1536x1536-1.jpg\",\"width\":1536,\"height\":1536,\"caption\":\"560W\"},{\"@type\":\"BreadcrumbList\",\"@id\":\"https:\/\/altergenieria.com\/?product=1046#breadcrumb\",\"itemListElement\":[{\"@type\":\"ListItem\",\"position\":1,\"name\":\"Home\",\"item\":\"https:\/\/altergenieria.com\/\"},{\"@type\":\"ListItem\",\"position\":2,\"name\":\"Tienda Virtual\",\"item\":\"https:\/\/altergenieria.com\/?page_id=802\"},{\"@type\":\"ListItem\",\"position\":3,\"name\":\"Paneles Solares 460W\"}]},{\"@type\":\"WebSite\",\"@id\":\"https:\/\/altergenieria.com\/#website\",\"url\":\"https:\/\/altergenieria.com\/\",\"name\":\"https:\/\/altergenieria.com\/\",\"description\":\"Integramos electr\u00f3nica y Electricidad a tu medida.\",\"publisher\":{\"@id\":\"https:\/\/altergenieria.com\/#organization\"},\"potentialAction\":[{\"@type\":\"SearchAction\",\"target\":{\"@type\":\"EntryPoint\",\"urlTemplate\":\"https:\/\/altergenieria.com\/?s={search_term_string}\"},\"query-input\":{\"@type\":\"PropertyValueSpecification\",\"valueRequired\":true,\"valueName\":\"search_term_string\"}}],\"inLanguage\":\"es-CO\"},{\"@type\":\"Organization\",\"@id\":\"https:\/\/altergenieria.com\/#organization\",\"name\":\"ALTERNATIVA E INGENIER\u00cdA\",\"url\":\"https:\/\/altergenieria.com\/\",\"logo\":{\"@type\":\"ImageObject\",\"inLanguage\":\"es-CO\",\"@id\":\"https:\/\/altergenieria.com\/#\/schema\/logo\/image\/\",\"url\":\"https:\/\/altergenieria.com\/wp-content\/uploads\/2023\/08\/cropped-Logo-Name.png\",\"contentUrl\":\"https:\/\/altergenieria.com\/wp-content\/uploads\/2023\/08\/cropped-Logo-Name.png\",\"width\":1461,\"height\":400,\"caption\":\"ALTERNATIVA E INGENIER\u00cdA\"},\"image\":{\"@id\":\"https:\/\/altergenieria.com\/#\/schema\/logo\/image\/\"},\"sameAs\":[\"https:\/\/www.instagram.com\/altergenieria\/#\"]}]}<\/script>\n<!-- \/ Yoast SEO plugin. -->","yoast_head_json":{"title":"Paneles Solares 460W -","description":"JA SolarPanel solar de 460W, potencia ideal para proyectos residenciales o de extracci\u00f3n de agua y riego. alta eficiencia, 12 a\u00f1os de garant\u00eda y un tiempo de vida de al menos 25 a\u00f1os.","robots":{"index":"index","follow":"follow","max-snippet":"max-snippet:-1","max-image-preview":"max-image-preview:large","max-video-preview":"max-video-preview:-1"},"canonical":"https:\/\/altergenieria.com\/?product=1046","og_locale":"es_ES","og_type":"article","og_title":"Paneles Solares 460W -","og_description":"JA SolarPanel solar de 460W, potencia ideal para proyectos residenciales o de extracci\u00f3n de agua y riego. alta eficiencia, 12 a\u00f1os de garant\u00eda y un tiempo de vida de al menos 25 a\u00f1os.","og_url":"https:\/\/altergenieria.com\/?product=1046","article_modified_time":"2025-07-30T10:15:47+00:00","og_image":[{"width":1536,"height":1536,"url":"https:\/\/altergenieria.com\/wp-content\/uploads\/2024\/11\/Jasolar-460W-Mono-1536x1536-1.jpg","type":"image\/jpeg"}],"twitter_card":"summary_large_image","twitter_misc":{"Tiempo de lectura":"1 minuto"},"schema":{"@context":"https:\/\/schema.org","@graph":[{"@type":"WebPage","@id":"https:\/\/altergenieria.com\/?product=1046","url":"https:\/\/altergenieria.com\/?product=1046","name":"Paneles Solares 460W -","isPartOf":{"@id":"https:\/\/altergenieria.com\/#website"},"primaryImageOfPage":{"@id":"https:\/\/altergenieria.com\/?product=1046#primaryimage"},"image":{"@id":"https:\/\/altergenieria.com\/?product=1046#primaryimage"},"thumbnailUrl":"https:\/\/altergenieria.com\/wp-content\/uploads\/2024\/11\/Jasolar-460W-Mono-1536x1536-1.jpg","datePublished":"2024-11-21T14:59:43+00:00","dateModified":"2025-07-30T10:15:47+00:00","description":"JA SolarPanel solar de 460W, potencia ideal para proyectos residenciales o de extracci\u00f3n de agua y riego. alta eficiencia, 12 a\u00f1os de garant\u00eda y un tiempo de vida de al menos 25 a\u00f1os.","breadcrumb":{"@id":"https:\/\/altergenieria.com\/?product=1046#breadcrumb"},"inLanguage":"es-CO","potentialAction":[{"@type":"ReadAction","target":["https:\/\/altergenieria.com\/?product=1046"]}]},{"@type":"ImageObject","inLanguage":"es-CO","@id":"https:\/\/altergenieria.com\/?product=1046#primaryimage","url":"https:\/\/altergenieria.com\/wp-content\/uploads\/2024\/11\/Jasolar-460W-Mono-1536x1536-1.jpg","contentUrl":"https:\/\/altergenieria.com\/wp-content\/uploads\/2024\/11\/Jasolar-460W-Mono-1536x1536-1.jpg","width":1536,"height":1536,"caption":"560W"},{"@type":"BreadcrumbList","@id":"https:\/\/altergenieria.com\/?product=1046#breadcrumb","itemListElement":[{"@type":"ListItem","position":1,"name":"Home","item":"https:\/\/altergenieria.com\/"},{"@type":"ListItem","position":2,"name":"Tienda Virtual","item":"https:\/\/altergenieria.com\/?page_id=802"},{"@type":"ListItem","position":3,"name":"Paneles Solares 460W"}]},{"@type":"WebSite","@id":"https:\/\/altergenieria.com\/#website","url":"https:\/\/altergenieria.com\/","name":"https:\/\/altergenieria.com\/","description":"Integramos electr\u00f3nica y Electricidad a tu medida.","publisher":{"@id":"https:\/\/altergenieria.com\/#organization"},"potentialAction":[{"@type":"SearchAction","target":{"@type":"EntryPoint","urlTemplate":"https:\/\/altergenieria.com\/?s={search_term_string}"},"query-input":{"@type":"PropertyValueSpecification","valueRequired":true,"valueName":"search_term_string"}}],"inLanguage":"es-CO"},{"@type":"Organization","@id":"https:\/\/altergenieria.com\/#organization","name":"ALTERNATIVA E INGENIER\u00cdA","url":"https:\/\/altergenieria.com\/","logo":{"@type":"ImageObject","inLanguage":"es-CO","@id":"https:\/\/altergenieria.com\/#\/schema\/logo\/image\/","url":"https:\/\/altergenieria.com\/wp-content\/uploads\/2023\/08\/cropped-Logo-Name.png","contentUrl":"https:\/\/altergenieria.com\/wp-content\/uploads\/2023\/08\/cropped-Logo-Name.png","width":1461,"height":400,"caption":"ALTERNATIVA E INGENIER\u00cdA"},"image":{"@id":"https:\/\/altergenieria.com\/#\/schema\/logo\/image\/"},"sameAs":["https:\/\/www.instagram.com\/altergenieria\/#"]}]}},"jetpack_sharing_enabled":true,"uagb_featured_image_src":{"full":["https:\/\/altergenieria.com\/wp-content\/uploads\/2024\/11\/Jasolar-460W-Mono-1536x1536-1.jpg",1536,1536,false],"thumbnail":["https:\/\/altergenieria.com\/wp-content\/uploads\/2024\/11\/Jasolar-460W-Mono-1536x1536-1-150x150.jpg",150,150,true],"medium":["https:\/\/altergenieria.com\/wp-content\/uploads\/2024\/11\/Jasolar-460W-Mono-1536x1536-1-300x300.jpg",300,300,true],"medium_large":["https:\/\/altergenieria.com\/wp-content\/uploads\/2024\/11\/Jasolar-460W-Mono-1536x1536-1-768x768.jpg",640,640,true],"large":["https:\/\/altergenieria.com\/wp-content\/uploads\/2024\/11\/Jasolar-460W-Mono-1536x1536-1-1024x1024.jpg",640,640,true],"1536x1536":["https:\/\/altergenieria.com\/wp-content\/uploads\/2024\/11\/Jasolar-460W-Mono-1536x1536-1.jpg",1536,1536,false],"2048x2048":["https:\/\/altergenieria.com\/wp-content\/uploads\/2024\/11\/Jasolar-460W-Mono-1536x1536-1.jpg",1536,1536,false],"post_slider_layout_landscape_large":["https:\/\/altergenieria.com\/wp-content\/uploads\/2024\/11\/Jasolar-460W-Mono-1536x1536-1-1200x800.jpg",1200,800,true],"post_slider_layout_portrait_large":["https:\/\/altergenieria.com\/wp-content\/uploads\/2024\/11\/Jasolar-460W-Mono-1536x1536-1-1200x1536.jpg",1200,1536,true],"post_slider_layout_square_large":["https:\/\/altergenieria.com\/wp-content\/uploads\/2024\/11\/Jasolar-460W-Mono-1536x1536-1-1200x1200.jpg",1200,1200,true],"post_slider_layout_landscape":["https:\/\/altergenieria.com\/wp-content\/uploads\/2024\/11\/Jasolar-460W-Mono-1536x1536-1-600x400.jpg",600,400,true],"post_slider_layout_portrait":["https:\/\/altergenieria.com\/wp-content\/uploads\/2024\/11\/Jasolar-460W-Mono-1536x1536-1-600x900.jpg",600,900,true],"post_slider_layout_square":["https:\/\/altergenieria.com\/wp-content\/uploads\/2024\/11\/Jasolar-460W-Mono-1536x1536-1-600x600.jpg",600,600,true],"solar-power-homepage-thumb":["https:\/\/altergenieria.com\/wp-content\/uploads\/2024\/11\/Jasolar-460W-Mono-1536x1536-1.jpg",145,145,false],"woocommerce_thumbnail":["https:\/\/altergenieria.com\/wp-content\/uploads\/2024\/11\/Jasolar-460W-Mono-1536x1536-1-300x300.jpg",300,300,true],"woocommerce_single":["https:\/\/altergenieria.com\/wp-content\/uploads\/2024\/11\/Jasolar-460W-Mono-1536x1536-1-600x600.jpg",600,600,true],"woocommerce_gallery_thumbnail":["https:\/\/altergenieria.com\/wp-content\/uploads\/2024\/11\/Jasolar-460W-Mono-1536x1536-1-100x100.jpg",100,100,true]},"uagb_author_info":{"display_name":"Alternativa e Ingenieria","author_link":"https:\/\/altergenieria.com\/?author=0"},"uagb_comment_info":0,"uagb_excerpt":"JA Solar Panel solar de 460W, potencia ideal para proyectos residenciales o de extracci\u00f3n de agua y riego. alta eficiencia, 12 a\u00f1os de garant\u00eda y un tiempo de vida de al menos 25 a\u00f1os.","_links":{"self":[{"href":"https:\/\/altergenieria.com\/index.php?rest_route=\/wp\/v2\/product\/1046","targetHints":{"allow":["GET"]}}],"collection":[{"href":"https:\/\/altergenieria.com\/index.php?rest_route=\/wp\/v2\/product"}],"about":[{"href":"https:\/\/altergenieria.com\/index.php?rest_route=\/wp\/v2\/types\/product"}],"wp:featuredmedia":[{"embeddable":true,"href":"https:\/\/altergenieria.com\/index.php?rest_route=\/wp\/v2\/media\/861"}],"wp:attachment":[{"href":"https:\/\/altergenieria.com\/index.php?rest_route=%2Fwp%2Fv2%2Fmedia&parent=1046"}],"wp:term":[{"taxonomy":"product_cat","embeddable":true,"href":"https:\/\/altergenieria.com\/index.php?rest_route=%2Fwp%2Fv2%2Fproduct_cat&post=1046"},{"taxonomy":"product_tag","embeddable":true,"href":"https:\/\/altergenieria.com\/index.php?rest_route=%2Fwp%2Fv2%2Fproduct_tag&post=1046"}],"curies":[{"name":"wp","href":"https:\/\/api.w.org\/{rel}","templated":true}]}}