{"id":37,"date":"2023-08-07T17:56:55","date_gmt":"2023-08-07T22:56:55","guid":{"rendered":"https:\/\/altergenieria.com\/?page_id=37"},"modified":"2024-12-30T06:06:18","modified_gmt":"2024-12-30T11:06:18","slug":"contacto","status":"publish","type":"page","link":"https:\/\/altergenieria.com\/?page_id=37","title":{"rendered":"Contacto"},"content":{"rendered":"<p><\/p><p><\/p><p><\/p><p><\/p><p><\/p><div class=\"wp-block-uagb-container uagb-block-e902e938 alignfull uagb-is-root-container\"><div class=\"uagb-container-inner-blocks-wrap\"><div class=\"wp-block-uagb-container uagb-block-03bb16a1\"><div class=\"wp-block-image is-style-rounded\"><figure class=\"aligncenter size-large is-resized\"><img loading=\"lazy\" decoding=\"async\" width=\"577\" height=\"1024\" src=\"https:\/\/altergenieria.com\/wp-content\/uploads\/2024\/11\/IMG_20241009_125931-1-577x1024.jpg\" alt=\"\" class=\"wp-image-766\" style=\"aspect-ratio:0.6666666666666666;object-fit:cover;width:107px;height:auto\" srcset=\"https:\/\/altergenieria.com\/wp-content\/uploads\/2024\/11\/IMG_20241009_125931-1-577x1024.jpg 577w, https:\/\/altergenieria.com\/wp-content\/uploads\/2024\/11\/IMG_20241009_125931-1-scaled-600x1064.jpg 600w, https:\/\/altergenieria.com\/wp-content\/uploads\/2024\/11\/IMG_20241009_125931-1-169x300.jpg 169w, https:\/\/altergenieria.com\/wp-content\/uploads\/2024\/11\/IMG_20241009_125931-1-768x1362.jpg 768w, https:\/\/altergenieria.com\/wp-content\/uploads\/2024\/11\/IMG_20241009_125931-1-866x1536.jpg 866w, https:\/\/altergenieria.com\/wp-content\/uploads\/2024\/11\/IMG_20241009_125931-1-1155x2048.jpg 1155w, https:\/\/altergenieria.com\/wp-content\/uploads\/2024\/11\/IMG_20241009_125931-1-scaled.jpg 1443w\" sizes=\"auto, (max-width: 577px) 100vw, 577px\" \/><\/figure><\/div>\n\n<div class=\"wp-block-ive-ibtana-visual-editorheading\"><div class=\"ive-advanced-text-wrap ive-div-advance-text_8afa80-37 undefined text-center text-md-center text-lg-center text-xl-center\"><h2 class=\"ive-heading-parent undefined ive-advanced-text-inner-wrap ive-adv-advance-text_8afa80-37 ive-lh-xs-30 ive-lh-sm-30 ive-lh-md-30 ive-lh-lg-30 ive-lh-xl-30\" id=\"ive-adv-advance-text_8afa80-37\"><strong>Carolina Blanco Polo<\/strong><\/h2><\/div><\/div>\n\n<p class=\"has-text-align-center\">Representante de ventas &#8211; Alternativa e Ingenier\u00eda S.A.S<\/p>\n\n<p class=\"has-text-align-center\">+57 310 707 44 67<\/p>\n\n<p class=\"has-text-align-center\">&nbsp;&nbsp;carolina.blanco@altergenieria.com<\/p><\/div>\n\n<div class=\"wp-block-uagb-container uagb-block-d2099aa3\"><div class=\"wp-block-image is-style-rounded\"><figure class=\"aligncenter size-full is-resized\"><img loading=\"lazy\" decoding=\"async\" width=\"460\" height=\"610\" src=\"https:\/\/altergenieria.com\/wp-content\/uploads\/2024\/12\/perfil.jpg\" alt=\"\" class=\"wp-image-1143\" style=\"width:123px;height:auto\" srcset=\"https:\/\/altergenieria.com\/wp-content\/uploads\/2024\/12\/perfil.jpg 460w, https:\/\/altergenieria.com\/wp-content\/uploads\/2024\/12\/perfil-226x300.jpg 226w\" sizes=\"auto, (max-width: 460px) 100vw, 460px\" \/><\/figure><\/div>\n\n<div class=\"wp-block-ive-ibtana-visual-editorheading\"><div class=\"ive-advanced-text-wrap ive-div-advance-text_742468-f4 undefined text-center text-md-center text-lg-center text-xl-center\"><h2 class=\"ive-heading-parent undefined ive-advanced-text-inner-wrap ive-adv-advance-text_742468-f4 ive-lh-xs-30 ive-lh-sm-30 ive-lh-md-30 ive-lh-lg-30 ive-lh-xl-30\" id=\"ive-adv-advance-text_742468-f4\"><strong>Jeffry David Londo\u00f1o Bernal<\/strong><\/h2><\/div><\/div>\n\n<p class=\"has-text-align-center\">Director de Proyectos &#8211; Alternativa e Ingenier\u00eda S.A.S<\/p>\n\n<p class=\"has-text-align-center\">+57 310 361 9501<\/p>\n\n<p class=\"has-text-align-center\">jefflondono@altergenieria.com<\/p><\/div><\/div><\/div><div class=\"wp-block-uagb-advanced-heading uagb-block-61edef12\"><h3 class=\"uagb-heading-text\">Tenemos una casa modelo que mostrarte y con ella observar todas las garant\u00edas y ventajas con la nueva tecnolog\u00eda en paneles solares. <\/h3><\/div><div class=\"wp-block-ive-separator aligncenter undefined ive-separator-_eb970b-30\"><div class=\"ive-separator ive-separator-halign-center\"><hr class=\"ive-separator-hr float-xl-center float-lg-center float-sm-center float-center\"\/><\/div><\/div><div class=\"wp-block-ive-separator aligncenter undefined ive-separator-_27d3bd-30\"><div class=\"ive-separator ive-separator-halign-center\"><hr class=\"ive-separator-hr float-xl-center float-lg-center float-sm-center float-center\"\/><\/div><\/div><div class=\"wp-block-ive-separator aligncenter undefined ive-separator-_46b149-d8\"><div class=\"ive-separator ive-separator-halign-center\"><hr class=\"ive-separator-hr float-xl-center float-lg-center float-sm-center float-center\"\/><\/div><\/div><div class=\"wp-block-ive-separator aligncenter undefined ive-separator-_59af0b-3e\"><div class=\"ive-separator ive-separator-halign-center\"><hr class=\"ive-separator-hr float-xl-center float-lg-center float-sm-center float-center\"\/><\/div><\/div><div class=\"wp-block-uagb-advanced-heading uagb-block-9eac580c\"><h1 class=\"uagb-heading-text\"><strong>Cont\u00e1ctanos<\/strong><\/h1><\/div><div class=\"wp-block-jetpack-contact-form\"><a href=\"https:\/\/altergenieria.com\/?page_id=37\" target=\"_blank\" rel=\"noopener noreferrer\">Env\u00eda un formulario.<\/a><\/div>","protected":false},"excerpt":{"rendered":"<p>Representante de ventas &#8211; Alternativa e Ingenier\u00eda S.A.S +57 310 707 44 67 &nbsp;&nbsp;carolina.blanco@altergenieria.com Director de Proyectos &#8211; Alternativa e Ingenier\u00eda S.A.S +57 310 361 9501 jefflondono@altergenieria.com Tenemos una casa modelo que mostrarte y con ella observar todas las garant\u00edas y ventajas con la nueva tecnolog\u00eda en paneles solares. Cont\u00e1ctanos<\/p>\n","protected":false},"author":2,"featured_media":77,"parent":0,"menu_order":0,"comment_status":"closed","ping_status":"closed","template":"","meta":{"_regular_price":[],"currency_symbol":[],"_uag_custom_page_level_css":"","footnotes":""},"class_list":["post-37","page","type-page","status-publish","has-post-thumbnail","hentry"],"post_slider_layout_featured_media_urls":{"thumbnail":"","post_slider_layout_landscape_large":"","post_slider_layout_portrait_large":"","post_slider_layout_square_large":"","post_slider_layout_landscape":"","post_slider_layout_portrait":"","post_slider_layout_square":"","full":""},"yoast_head":"<!-- This site is optimized with the Yoast SEO plugin v24.0 - https:\/\/yoast.com\/wordpress\/plugins\/seo\/ -->\n<title>Contacto -<\/title>\n<meta name=\"robots\" content=\"index, follow, max-snippet:-1, max-image-preview:large, max-video-preview:-1\" \/>\n<link rel=\"canonical\" href=\"https:\/\/altergenieria.com\/?page_id=37\" \/>\n<meta property=\"og:locale\" content=\"es_ES\" \/>\n<meta property=\"og:type\" content=\"article\" \/>\n<meta property=\"og:title\" content=\"Contacto -\" \/>\n<meta property=\"og:description\" content=\"Representante de ventas &#8211; Alternativa e Ingenier\u00eda S.A.S +57 310 707 44 67 &nbsp;&nbsp;carolina.blanco@altergenieria.com Director de Proyectos &#8211; Alternativa e Ingenier\u00eda S.A.S +57 310 361 9501 jefflondono@altergenieria.com Tenemos una casa modelo que mostrarte y con ella observar todas las garant\u00edas y ventajas con la nueva tecnolog\u00eda en paneles solares. Cont\u00e1ctanos\" \/>\n<meta property=\"og:url\" content=\"https:\/\/altergenieria.com\/?page_id=37\" \/>\n<meta property=\"article:modified_time\" content=\"2024-12-30T11:06:18+00:00\" \/>\n<meta property=\"og:image\" content=\"https:\/\/altergenieria.com\/wp-content\/uploads\/2024\/11\/IMG_20241009_125931-1-scaled.jpg\" \/>\n\t<meta property=\"og:image:width\" content=\"1443\" \/>\n\t<meta property=\"og:image:height\" content=\"2560\" \/>\n\t<meta property=\"og:image:type\" content=\"image\/jpeg\" \/>\n<meta name=\"twitter:card\" content=\"summary_large_image\" \/>\n<meta name=\"twitter:label1\" content=\"Tiempo de lectura\" \/>\n\t<meta name=\"twitter:data1\" content=\"1 minuto\" \/>\n<script type=\"application\/ld+json\" class=\"yoast-schema-graph\">{\"@context\":\"https:\/\/schema.org\",\"@graph\":[{\"@type\":\"WebPage\",\"@id\":\"https:\/\/altergenieria.com\/?page_id=37\",\"url\":\"https:\/\/altergenieria.com\/?page_id=37\",\"name\":\"Contacto -\",\"isPartOf\":{\"@id\":\"https:\/\/altergenieria.com\/#website\"},\"primaryImageOfPage\":{\"@id\":\"https:\/\/altergenieria.com\/?page_id=37#primaryimage\"},\"image\":{\"@id\":\"https:\/\/altergenieria.com\/?page_id=37#primaryimage\"},\"thumbnailUrl\":\"\",\"datePublished\":\"2023-08-07T22:56:55+00:00\",\"dateModified\":\"2024-12-30T11:06:18+00:00\",\"breadcrumb\":{\"@id\":\"https:\/\/altergenieria.com\/?page_id=37#breadcrumb\"},\"inLanguage\":\"es-CO\",\"potentialAction\":[{\"@type\":\"ReadAction\",\"target\":[\"https:\/\/altergenieria.com\/?page_id=37\"]}]},{\"@type\":\"ImageObject\",\"inLanguage\":\"es-CO\",\"@id\":\"https:\/\/altergenieria.com\/?page_id=37#primaryimage\",\"url\":\"\",\"contentUrl\":\"\"},{\"@type\":\"BreadcrumbList\",\"@id\":\"https:\/\/altergenieria.com\/?page_id=37#breadcrumb\",\"itemListElement\":[{\"@type\":\"ListItem\",\"position\":1,\"name\":\"Home\",\"item\":\"https:\/\/altergenieria.com\/\"},{\"@type\":\"ListItem\",\"position\":2,\"name\":\"Contacto\"}]},{\"@type\":\"WebSite\",\"@id\":\"https:\/\/altergenieria.com\/#website\",\"url\":\"https:\/\/altergenieria.com\/\",\"name\":\"https:\/\/altergenieria.com\/\",\"description\":\"Integramos electr\u00f3nica y Electricidad a tu medida.\",\"publisher\":{\"@id\":\"https:\/\/altergenieria.com\/#organization\"},\"potentialAction\":[{\"@type\":\"SearchAction\",\"target\":{\"@type\":\"EntryPoint\",\"urlTemplate\":\"https:\/\/altergenieria.com\/?s={search_term_string}\"},\"query-input\":{\"@type\":\"PropertyValueSpecification\",\"valueRequired\":true,\"valueName\":\"search_term_string\"}}],\"inLanguage\":\"es-CO\"},{\"@type\":\"Organization\",\"@id\":\"https:\/\/altergenieria.com\/#organization\",\"name\":\"ALTERNATIVA E INGENIER\u00cdA\",\"url\":\"https:\/\/altergenieria.com\/\",\"logo\":{\"@type\":\"ImageObject\",\"inLanguage\":\"es-CO\",\"@id\":\"https:\/\/altergenieria.com\/#\/schema\/logo\/image\/\",\"url\":\"https:\/\/altergenieria.com\/wp-content\/uploads\/2023\/08\/cropped-Logo-Name.png\",\"contentUrl\":\"https:\/\/altergenieria.com\/wp-content\/uploads\/2023\/08\/cropped-Logo-Name.png\",\"width\":1461,\"height\":400,\"caption\":\"ALTERNATIVA E INGENIER\u00cdA\"},\"image\":{\"@id\":\"https:\/\/altergenieria.com\/#\/schema\/logo\/image\/\"},\"sameAs\":[\"https:\/\/www.instagram.com\/altergenieria\/#\"]}]}<\/script>\n<!-- \/ Yoast SEO plugin. -->","yoast_head_json":{"title":"Contacto -","robots":{"index":"index","follow":"follow","max-snippet":"max-snippet:-1","max-image-preview":"max-image-preview:large","max-video-preview":"max-video-preview:-1"},"canonical":"https:\/\/altergenieria.com\/?page_id=37","og_locale":"es_ES","og_type":"article","og_title":"Contacto -","og_description":"Representante de ventas &#8211; Alternativa e Ingenier\u00eda S.A.S +57 310 707 44 67 &nbsp;&nbsp;carolina.blanco@altergenieria.com Director de Proyectos &#8211; Alternativa e Ingenier\u00eda S.A.S +57 310 361 9501 jefflondono@altergenieria.com Tenemos una casa modelo que mostrarte y con ella observar todas las garant\u00edas y ventajas con la nueva tecnolog\u00eda en paneles solares. Cont\u00e1ctanos","og_url":"https:\/\/altergenieria.com\/?page_id=37","article_modified_time":"2024-12-30T11:06:18+00:00","og_image":[{"width":1443,"height":2560,"url":"https:\/\/altergenieria.com\/wp-content\/uploads\/2024\/11\/IMG_20241009_125931-1-scaled.jpg","type":"image\/jpeg"}],"twitter_card":"summary_large_image","twitter_misc":{"Tiempo de lectura":"1 minuto"},"schema":{"@context":"https:\/\/schema.org","@graph":[{"@type":"WebPage","@id":"https:\/\/altergenieria.com\/?page_id=37","url":"https:\/\/altergenieria.com\/?page_id=37","name":"Contacto -","isPartOf":{"@id":"https:\/\/altergenieria.com\/#website"},"primaryImageOfPage":{"@id":"https:\/\/altergenieria.com\/?page_id=37#primaryimage"},"image":{"@id":"https:\/\/altergenieria.com\/?page_id=37#primaryimage"},"thumbnailUrl":"","datePublished":"2023-08-07T22:56:55+00:00","dateModified":"2024-12-30T11:06:18+00:00","breadcrumb":{"@id":"https:\/\/altergenieria.com\/?page_id=37#breadcrumb"},"inLanguage":"es-CO","potentialAction":[{"@type":"ReadAction","target":["https:\/\/altergenieria.com\/?page_id=37"]}]},{"@type":"ImageObject","inLanguage":"es-CO","@id":"https:\/\/altergenieria.com\/?page_id=37#primaryimage","url":"","contentUrl":""},{"@type":"BreadcrumbList","@id":"https:\/\/altergenieria.com\/?page_id=37#breadcrumb","itemListElement":[{"@type":"ListItem","position":1,"name":"Home","item":"https:\/\/altergenieria.com\/"},{"@type":"ListItem","position":2,"name":"Contacto"}]},{"@type":"WebSite","@id":"https:\/\/altergenieria.com\/#website","url":"https:\/\/altergenieria.com\/","name":"https:\/\/altergenieria.com\/","description":"Integramos electr\u00f3nica y Electricidad a tu medida.","publisher":{"@id":"https:\/\/altergenieria.com\/#organization"},"potentialAction":[{"@type":"SearchAction","target":{"@type":"EntryPoint","urlTemplate":"https:\/\/altergenieria.com\/?s={search_term_string}"},"query-input":{"@type":"PropertyValueSpecification","valueRequired":true,"valueName":"search_term_string"}}],"inLanguage":"es-CO"},{"@type":"Organization","@id":"https:\/\/altergenieria.com\/#organization","name":"ALTERNATIVA E INGENIER\u00cdA","url":"https:\/\/altergenieria.com\/","logo":{"@type":"ImageObject","inLanguage":"es-CO","@id":"https:\/\/altergenieria.com\/#\/schema\/logo\/image\/","url":"https:\/\/altergenieria.com\/wp-content\/uploads\/2023\/08\/cropped-Logo-Name.png","contentUrl":"https:\/\/altergenieria.com\/wp-content\/uploads\/2023\/08\/cropped-Logo-Name.png","width":1461,"height":400,"caption":"ALTERNATIVA E INGENIER\u00cdA"},"image":{"@id":"https:\/\/altergenieria.com\/#\/schema\/logo\/image\/"},"sameAs":["https:\/\/www.instagram.com\/altergenieria\/#"]}]}},"jetpack_sharing_enabled":true,"uagb_featured_image_src":{"full":false,"thumbnail":false,"medium":false,"medium_large":false,"large":false,"1536x1536":false,"2048x2048":false,"post_slider_layout_landscape_large":false,"post_slider_layout_portrait_large":false,"post_slider_layout_square_large":false,"post_slider_layout_landscape":false,"post_slider_layout_portrait":false,"post_slider_layout_square":false,"solar-power-homepage-thumb":false,"woocommerce_thumbnail":false,"woocommerce_single":false,"woocommerce_gallery_thumbnail":false},"uagb_author_info":{"display_name":"Alternativa e Ingenieria","author_link":"https:\/\/altergenieria.com\/?author=2"},"uagb_comment_info":0,"uagb_excerpt":"Representante de ventas &#8211; Alternativa e Ingenier\u00eda S.A.S +57 310 707 44 67 &nbsp;&nbsp;carolina.blanco@altergenieria.com Director de Proyectos &#8211; Alternativa e Ingenier\u00eda S.A.S +57 310 361 9501 jefflondono@altergenieria.com Tenemos una casa modelo que mostrarte y con ella observar todas las garant\u00edas y ventajas con la nueva tecnolog\u00eda en paneles solares. Cont\u00e1ctanos","_links":{"self":[{"href":"https:\/\/altergenieria.com\/index.php?rest_route=\/wp\/v2\/pages\/37","targetHints":{"allow":["GET"]}}],"collection":[{"href":"https:\/\/altergenieria.com\/index.php?rest_route=\/wp\/v2\/pages"}],"about":[{"href":"https:\/\/altergenieria.com\/index.php?rest_route=\/wp\/v2\/types\/page"}],"author":[{"embeddable":true,"href":"https:\/\/altergenieria.com\/index.php?rest_route=\/wp\/v2\/users\/2"}],"replies":[{"embeddable":true,"href":"https:\/\/altergenieria.com\/index.php?rest_route=%2Fwp%2Fv2%2Fcomments&post=37"}],"version-history":[{"count":49,"href":"https:\/\/altergenieria.com\/index.php?rest_route=\/wp\/v2\/pages\/37\/revisions"}],"predecessor-version":[{"id":1326,"href":"https:\/\/altergenieria.com\/index.php?rest_route=\/wp\/v2\/pages\/37\/revisions\/1326"}],"wp:featuredmedia":[{"embeddable":true,"href":"https:\/\/altergenieria.com\/index.php?rest_route=\/"}],"wp:attachment":[{"href":"https:\/\/altergenieria.com\/index.php?rest_route=%2Fwp%2Fv2%2Fmedia&parent=37"}],"curies":[{"name":"wp","href":"https:\/\/api.w.org\/{rel}","templated":true}]}}