{"id":266,"date":"2024-10-26T05:22:29","date_gmt":"2024-10-26T10:22:29","guid":{"rendered":"https:\/\/altergenieria.com\/?page_id=266"},"modified":"2024-12-14T08:12:16","modified_gmt":"2024-12-14T13:12:16","slug":"diseno","status":"publish","type":"page","link":"https:\/\/altergenieria.com\/?page_id=266","title":{"rendered":"Dise\u00f1o"},"content":{"rendered":"<div class=\"wp-block-ive-ibtana-visual-editorheading\"><div class=\"ive-advanced-text-wrap ive-div-advance-text_b05cd5-ca bounceIn animated text-center text-md-center text-lg-center text-xl-center\"><div class=\"ive-text-option-parent\"><i class=\"fas fa-chart-line ive-paragraph-icon\"><\/i><\/div><h1 class=\"ive-heading-parent undefined ive-advanced-text-inner-wrap ive-adv-advance-text_b05cd5-ca ive-lh-xs-30 ive-lh-sm-30 ive-lh-md-30 ive-lh-lg-30 ive-lh-xl-30\" id=\"ive-adv-advance-text_b05cd5-ca\"><strong><em>As\u00ed funciona un sistema conectado a la Red<\/em><\/strong><\/h1><\/div><\/div><div class=\"wp-block-uagb-container uagb-block-3e8f2727 alignwide uagb-is-root-container\"><div class=\"wp-block-uagb-container uagb-block-ae87855f\"><figure class=\"wp-block-image size-full is-resized\"><img loading=\"lazy\" decoding=\"async\" width=\"266\" height=\"170\" src=\"https:\/\/altergenieria.com\/wp-content\/uploads\/2024\/10\/entrega-de-excedentes-10.jpg\" alt=\"\" class=\"wp-image-347\" style=\"aspect-ratio:1.5647058823529412;width:322px;height:auto\"\/><\/figure>\n\n<div class=\"wp-block-uagb-advanced-heading uagb-block-4a83432f\"><h2 class=\"uagb-heading-text\"><em><strong>Entrega<\/strong> <strong>de excedentes<\/strong><\/em><\/h2><\/div>\n\n<p class=\"has-text-align-center\">Los excesos de producci\u00f3n son inyectados a la Red para su uso en horas de baja o nula producci\u00f3n.<\/p><\/div>\n\n<div class=\"wp-block-uagb-container uagb-block-82caecd4\"><figure class=\"wp-block-image size-full is-resized\"><img loading=\"lazy\" decoding=\"async\" width=\"277\" height=\"180\" src=\"https:\/\/altergenieria.com\/wp-content\/uploads\/2024\/10\/Uso-mixto.jpg\" alt=\"\" class=\"wp-image-348\" style=\"aspect-ratio:1.538888888888889;width:354px;height:auto\"\/><\/figure>\n\n<div class=\"wp-block-uagb-advanced-heading uagb-block-ce84832c\"><h2 class=\"uagb-heading-text\"><strong><em>Uso mixto<\/em><\/strong><\/h2><\/div>\n\n<p class=\"has-text-align-center\">Cuando la generaci\u00f3n de energ\u00eda solar es insuficiente para las necesidades del sitio, usa la energ\u00eda a complementar de la Red.<\/p><\/div>\n\n<div class=\"wp-block-uagb-container uagb-block-bf53358d\"><figure class=\"wp-block-image size-full is-resized\"><img loading=\"lazy\" decoding=\"async\" width=\"277\" height=\"180\" src=\"https:\/\/altergenieria.com\/wp-content\/uploads\/2024\/10\/Noche.jpg\" alt=\"\" class=\"wp-image-381\" style=\"aspect-ratio:1.538888888888889;width:339px;height:auto\"\/><\/figure>\n\n<div class=\"wp-block-uagb-advanced-heading uagb-block-a9360da0\"><h2 class=\"uagb-heading-text\"><strong><em>Noche<\/em><\/strong><\/h2><\/div>\n\n<p class=\"has-text-align-center\">En horas sin generaci\u00f3n solar, toma toda la energ\u00eda de la Red. En este caso se aprovechan los excedentes entregados.<\/p><\/div><\/div><p><\/p>","protected":false},"excerpt":{"rendered":"<p>Entrega de excedentes Los excesos de producci\u00f3n son inyectados a la Red para su uso en horas de baja o nula producci\u00f3n. Uso mixto Cuando la generaci\u00f3n de energ\u00eda solar es insuficiente para las necesidades del sitio, usa la energ\u00eda a complementar de la Red. Noche En horas sin generaci\u00f3n solar, toma toda la energ\u00eda [&hellip;]<\/p>\n","protected":false},"author":1,"featured_media":77,"parent":0,"menu_order":0,"comment_status":"closed","ping_status":"closed","template":"","meta":{"_regular_price":[],"currency_symbol":[],"_uag_custom_page_level_css":"","footnotes":""},"class_list":["post-266","page","type-page","status-publish","has-post-thumbnail","hentry"],"post_slider_layout_featured_media_urls":{"thumbnail":"","post_slider_layout_landscape_large":"","post_slider_layout_portrait_large":"","post_slider_layout_square_large":"","post_slider_layout_landscape":"","post_slider_layout_portrait":"","post_slider_layout_square":"","full":""},"yoast_head":"<!-- This site is optimized with the Yoast SEO plugin v24.0 - https:\/\/yoast.com\/wordpress\/plugins\/seo\/ -->\n<title>Dise\u00f1o -<\/title>\n<meta name=\"description\" content=\"energ\u00eda solar Valledupar\" \/>\n<meta name=\"robots\" content=\"index, follow, max-snippet:-1, max-image-preview:large, max-video-preview:-1\" \/>\n<link rel=\"canonical\" href=\"https:\/\/altergenieria.com\/?page_id=266\" \/>\n<meta property=\"og:locale\" content=\"es_ES\" \/>\n<meta property=\"og:type\" content=\"article\" \/>\n<meta property=\"og:title\" content=\"Dise\u00f1o -\" \/>\n<meta property=\"og:description\" content=\"energ\u00eda solar Valledupar\" \/>\n<meta property=\"og:url\" content=\"https:\/\/altergenieria.com\/?page_id=266\" \/>\n<meta property=\"article:modified_time\" content=\"2024-12-14T13:12:16+00:00\" \/>\n<meta property=\"og:image\" content=\"https:\/\/altergenieria.com\/wp-content\/uploads\/2024\/10\/entrega-de-excedentes-10.jpg\" \/>\n\t<meta property=\"og:image:width\" content=\"266\" \/>\n\t<meta property=\"og:image:height\" content=\"170\" \/>\n\t<meta property=\"og:image:type\" content=\"image\/jpeg\" \/>\n<meta name=\"twitter:card\" content=\"summary_large_image\" \/>\n<meta name=\"twitter:label1\" content=\"Tiempo de lectura\" \/>\n\t<meta name=\"twitter:data1\" content=\"1 minuto\" \/>\n<script type=\"application\/ld+json\" class=\"yoast-schema-graph\">{\"@context\":\"https:\/\/schema.org\",\"@graph\":[{\"@type\":\"WebPage\",\"@id\":\"https:\/\/altergenieria.com\/?page_id=266\",\"url\":\"https:\/\/altergenieria.com\/?page_id=266\",\"name\":\"Dise\u00f1o -\",\"isPartOf\":{\"@id\":\"https:\/\/altergenieria.com\/#website\"},\"primaryImageOfPage\":{\"@id\":\"https:\/\/altergenieria.com\/?page_id=266#primaryimage\"},\"image\":{\"@id\":\"https:\/\/altergenieria.com\/?page_id=266#primaryimage\"},\"thumbnailUrl\":\"\",\"datePublished\":\"2024-10-26T10:22:29+00:00\",\"dateModified\":\"2024-12-14T13:12:16+00:00\",\"description\":\"energ\u00eda solar Valledupar\",\"breadcrumb\":{\"@id\":\"https:\/\/altergenieria.com\/?page_id=266#breadcrumb\"},\"inLanguage\":\"es-CO\",\"potentialAction\":[{\"@type\":\"ReadAction\",\"target\":[\"https:\/\/altergenieria.com\/?page_id=266\"]}]},{\"@type\":\"ImageObject\",\"inLanguage\":\"es-CO\",\"@id\":\"https:\/\/altergenieria.com\/?page_id=266#primaryimage\",\"url\":\"\",\"contentUrl\":\"\"},{\"@type\":\"BreadcrumbList\",\"@id\":\"https:\/\/altergenieria.com\/?page_id=266#breadcrumb\",\"itemListElement\":[{\"@type\":\"ListItem\",\"position\":1,\"name\":\"Home\",\"item\":\"https:\/\/altergenieria.com\/\"},{\"@type\":\"ListItem\",\"position\":2,\"name\":\"Dise\u00f1o\"}]},{\"@type\":\"WebSite\",\"@id\":\"https:\/\/altergenieria.com\/#website\",\"url\":\"https:\/\/altergenieria.com\/\",\"name\":\"https:\/\/altergenieria.com\/\",\"description\":\"Integramos electr\u00f3nica y Electricidad a tu medida.\",\"publisher\":{\"@id\":\"https:\/\/altergenieria.com\/#organization\"},\"potentialAction\":[{\"@type\":\"SearchAction\",\"target\":{\"@type\":\"EntryPoint\",\"urlTemplate\":\"https:\/\/altergenieria.com\/?s={search_term_string}\"},\"query-input\":{\"@type\":\"PropertyValueSpecification\",\"valueRequired\":true,\"valueName\":\"search_term_string\"}}],\"inLanguage\":\"es-CO\"},{\"@type\":\"Organization\",\"@id\":\"https:\/\/altergenieria.com\/#organization\",\"name\":\"ALTERNATIVA E INGENIER\u00cdA\",\"url\":\"https:\/\/altergenieria.com\/\",\"logo\":{\"@type\":\"ImageObject\",\"inLanguage\":\"es-CO\",\"@id\":\"https:\/\/altergenieria.com\/#\/schema\/logo\/image\/\",\"url\":\"https:\/\/altergenieria.com\/wp-content\/uploads\/2023\/08\/cropped-Logo-Name.png\",\"contentUrl\":\"https:\/\/altergenieria.com\/wp-content\/uploads\/2023\/08\/cropped-Logo-Name.png\",\"width\":1461,\"height\":400,\"caption\":\"ALTERNATIVA E INGENIER\u00cdA\"},\"image\":{\"@id\":\"https:\/\/altergenieria.com\/#\/schema\/logo\/image\/\"},\"sameAs\":[\"https:\/\/www.instagram.com\/altergenieria\/#\"]}]}<\/script>\n<!-- \/ Yoast SEO plugin. -->","yoast_head_json":{"title":"Dise\u00f1o -","description":"energ\u00eda solar Valledupar","robots":{"index":"index","follow":"follow","max-snippet":"max-snippet:-1","max-image-preview":"max-image-preview:large","max-video-preview":"max-video-preview:-1"},"canonical":"https:\/\/altergenieria.com\/?page_id=266","og_locale":"es_ES","og_type":"article","og_title":"Dise\u00f1o -","og_description":"energ\u00eda solar Valledupar","og_url":"https:\/\/altergenieria.com\/?page_id=266","article_modified_time":"2024-12-14T13:12:16+00:00","og_image":[{"width":266,"height":170,"url":"https:\/\/altergenieria.com\/wp-content\/uploads\/2024\/10\/entrega-de-excedentes-10.jpg","type":"image\/jpeg"}],"twitter_card":"summary_large_image","twitter_misc":{"Tiempo de lectura":"1 minuto"},"schema":{"@context":"https:\/\/schema.org","@graph":[{"@type":"WebPage","@id":"https:\/\/altergenieria.com\/?page_id=266","url":"https:\/\/altergenieria.com\/?page_id=266","name":"Dise\u00f1o -","isPartOf":{"@id":"https:\/\/altergenieria.com\/#website"},"primaryImageOfPage":{"@id":"https:\/\/altergenieria.com\/?page_id=266#primaryimage"},"image":{"@id":"https:\/\/altergenieria.com\/?page_id=266#primaryimage"},"thumbnailUrl":"","datePublished":"2024-10-26T10:22:29+00:00","dateModified":"2024-12-14T13:12:16+00:00","description":"energ\u00eda solar Valledupar","breadcrumb":{"@id":"https:\/\/altergenieria.com\/?page_id=266#breadcrumb"},"inLanguage":"es-CO","potentialAction":[{"@type":"ReadAction","target":["https:\/\/altergenieria.com\/?page_id=266"]}]},{"@type":"ImageObject","inLanguage":"es-CO","@id":"https:\/\/altergenieria.com\/?page_id=266#primaryimage","url":"","contentUrl":""},{"@type":"BreadcrumbList","@id":"https:\/\/altergenieria.com\/?page_id=266#breadcrumb","itemListElement":[{"@type":"ListItem","position":1,"name":"Home","item":"https:\/\/altergenieria.com\/"},{"@type":"ListItem","position":2,"name":"Dise\u00f1o"}]},{"@type":"WebSite","@id":"https:\/\/altergenieria.com\/#website","url":"https:\/\/altergenieria.com\/","name":"https:\/\/altergenieria.com\/","description":"Integramos electr\u00f3nica y Electricidad a tu medida.","publisher":{"@id":"https:\/\/altergenieria.com\/#organization"},"potentialAction":[{"@type":"SearchAction","target":{"@type":"EntryPoint","urlTemplate":"https:\/\/altergenieria.com\/?s={search_term_string}"},"query-input":{"@type":"PropertyValueSpecification","valueRequired":true,"valueName":"search_term_string"}}],"inLanguage":"es-CO"},{"@type":"Organization","@id":"https:\/\/altergenieria.com\/#organization","name":"ALTERNATIVA E INGENIER\u00cdA","url":"https:\/\/altergenieria.com\/","logo":{"@type":"ImageObject","inLanguage":"es-CO","@id":"https:\/\/altergenieria.com\/#\/schema\/logo\/image\/","url":"https:\/\/altergenieria.com\/wp-content\/uploads\/2023\/08\/cropped-Logo-Name.png","contentUrl":"https:\/\/altergenieria.com\/wp-content\/uploads\/2023\/08\/cropped-Logo-Name.png","width":1461,"height":400,"caption":"ALTERNATIVA E INGENIER\u00cdA"},"image":{"@id":"https:\/\/altergenieria.com\/#\/schema\/logo\/image\/"},"sameAs":["https:\/\/www.instagram.com\/altergenieria\/#"]}]}},"jetpack_sharing_enabled":true,"uagb_featured_image_src":{"full":false,"thumbnail":false,"medium":false,"medium_large":false,"large":false,"1536x1536":false,"2048x2048":false,"post_slider_layout_landscape_large":false,"post_slider_layout_portrait_large":false,"post_slider_layout_square_large":false,"post_slider_layout_landscape":false,"post_slider_layout_portrait":false,"post_slider_layout_square":false,"solar-power-homepage-thumb":false,"woocommerce_thumbnail":false,"woocommerce_single":false,"woocommerce_gallery_thumbnail":false},"uagb_author_info":{"display_name":"altergenieria.com","author_link":"https:\/\/altergenieria.com\/?author=1"},"uagb_comment_info":0,"uagb_excerpt":"Entrega de excedentes Los excesos de producci\u00f3n son inyectados a la Red para su uso en horas de baja o nula producci\u00f3n. Uso mixto Cuando la generaci\u00f3n de energ\u00eda solar es insuficiente para las necesidades del sitio, usa la energ\u00eda a complementar de la Red. Noche En horas sin generaci\u00f3n solar, toma toda la energ\u00eda&hellip;","_links":{"self":[{"href":"https:\/\/altergenieria.com\/index.php?rest_route=\/wp\/v2\/pages\/266","targetHints":{"allow":["GET"]}}],"collection":[{"href":"https:\/\/altergenieria.com\/index.php?rest_route=\/wp\/v2\/pages"}],"about":[{"href":"https:\/\/altergenieria.com\/index.php?rest_route=\/wp\/v2\/types\/page"}],"author":[{"embeddable":true,"href":"https:\/\/altergenieria.com\/index.php?rest_route=\/wp\/v2\/users\/1"}],"replies":[{"embeddable":true,"href":"https:\/\/altergenieria.com\/index.php?rest_route=%2Fwp%2Fv2%2Fcomments&post=266"}],"version-history":[{"count":45,"href":"https:\/\/altergenieria.com\/index.php?rest_route=\/wp\/v2\/pages\/266\/revisions"}],"predecessor-version":[{"id":1156,"href":"https:\/\/altergenieria.com\/index.php?rest_route=\/wp\/v2\/pages\/266\/revisions\/1156"}],"wp:featuredmedia":[{"embeddable":true,"href":"https:\/\/altergenieria.com\/index.php?rest_route=\/"}],"wp:attachment":[{"href":"https:\/\/altergenieria.com\/index.php?rest_route=%2Fwp%2Fv2%2Fmedia&parent=266"}],"curies":[{"name":"wp","href":"https:\/\/api.w.org\/{rel}","templated":true}]}}