{"id":2,"date":"2023-07-29T17:11:30","date_gmt":"2023-07-29T22:11:30","guid":{"rendered":"http:\/\/altergenieria.com\/?page_id=2"},"modified":"2024-12-28T08:13:35","modified_gmt":"2024-12-28T13:13:35","slug":"homepage","status":"publish","type":"page","link":"https:\/\/altergenieria.com\/","title":{"rendered":"P\u00e1gina Principal"},"content":{"rendered":"<div class=\"wp-block-group\"><div class=\"wp-block-group__inner-container is-layout-constrained wp-block-group-is-layout-constrained\"><div class=\"wp-block-uagb-container uagb-block-95f96ab1 alignfull uagb-is-root-container\"><div class=\"uagb-container-inner-blocks-wrap\"><div class=\"wp-block-uagb-container uagb-block-5c1a5cbf\"><div class=\"wp-block-uagb-container uagb-block-ac1b3e34\"><div class=\"wp-block-group\"><div class=\"wp-block-group__inner-container is-layout-constrained wp-block-group-is-layout-constrained\"><div class=\"wp-block-uagb-container uagb-block-e5ab74d7\"><div class=\"wp-block-uagb-container uagb-block-9b23a3a1\"><div class=\"wp-block-group\"><div class=\"wp-block-group__inner-container is-layout-constrained wp-block-group-is-layout-constrained\"><div class=\"wp-block-uagb-container uagb-block-1a583de3\"><div class=\"wp-block-uagb-container uagb-block-c8030edc\"><div class=\"wp-block-uagb-advanced-heading uagb-block-a0d7f2b5\"><h1 class=\"uagb-heading-text\">Energ\u00eda Solar -Paneles Solares<\/h1><\/div>\n\n<div class=\"wp-block-cover alignfull\"><span aria-hidden=\"true\" class=\"wp-block-cover__background has-background-dim\"><\/span><img loading=\"lazy\" decoding=\"async\" width=\"1024\" height=\"461\" class=\"wp-block-cover__image-background wp-image-558\" alt=\"\" src=\"https:\/\/altergenieria.com\/wp-content\/uploads\/2024\/11\/PROYECTO-RESIDENCIA4-1024x461.jpg\" data-object-fit=\"cover\" srcset=\"https:\/\/altergenieria.com\/wp-content\/uploads\/2024\/11\/PROYECTO-RESIDENCIA4-1024x461.jpg 1024w, https:\/\/altergenieria.com\/wp-content\/uploads\/2024\/11\/PROYECTO-RESIDENCIA4-scaled-600x270.jpg 600w, https:\/\/altergenieria.com\/wp-content\/uploads\/2024\/11\/PROYECTO-RESIDENCIA4-300x135.jpg 300w, https:\/\/altergenieria.com\/wp-content\/uploads\/2024\/11\/PROYECTO-RESIDENCIA4-768x346.jpg 768w, https:\/\/altergenieria.com\/wp-content\/uploads\/2024\/11\/PROYECTO-RESIDENCIA4-1536x692.jpg 1536w, https:\/\/altergenieria.com\/wp-content\/uploads\/2024\/11\/PROYECTO-RESIDENCIA4-2048x923.jpg 2048w\" sizes=\"auto, (max-width: 1024px) 100vw, 1024px\" \/><div class=\"wp-block-cover__inner-container is-layout-flow wp-block-cover-is-layout-flow\"><div class=\"wp-block-uagb-advanced-heading uagb-block-1e61b921\"><h2 class=\"uagb-heading-text\">Dise\u00f1o e Instalaci\u00f3n <\/h2><\/div>\n\n<div class=\"wp-block-uagb-advanced-heading uagb-block-23a2d426\"><h2 class=\"uagb-heading-text\">de sistemas fotovoltaicos<\/h2><\/div>\n\n<div class=\"wp-block-uagb-container uagb-block-4142234e\"><\/div>\n\n<p>Contamos con el apoyo de proveedores nacionales e internacionales que nos permiten integrar lo \u00faltimo en tecnolog\u00eda en paneles solares.<\/p><\/div><\/div><\/div>\n\n<div class=\"wp-block-uagb-container uagb-block-5baeb1a0\"><p><\/p><\/div><\/div><\/div><\/div><\/div><\/div>\n\n<p><\/p><\/div><\/div><\/div><\/div><\/div><\/div><\/div><\/div><div class=\"wp-block-uagb-buttons uagb-buttons__outer-wrap uagb-btn__default-btn uagb-btn-tablet__default-btn uagb-btn-mobile__default-btn uagb-block-03c7430f\"><div class=\"uagb-buttons__wrap uagb-buttons-layout-wrap \"><div data-aos= \"fade\" data-aos-duration=\"400\" data-aos-delay=\"0\" data-aos-easing=\"ease\" data-aos-once=\"true\" class=\"wp-block-uagb-buttons-child uagb-buttons__outer-wrap uagb-block-ecad6c68 wp-block-button\"><div class=\"uagb-button__wrapper\"><a class=\"uagb-buttons-repeater wp-block-button__link\" aria-label=\"\" href=\"https:\/\/wa.me\/+573103619501\" rel=\"follow noopener\" target=\"_blank\" role=\"button\"><div class=\"uagb-button__link\"><font style=\"vertical-align: inherit;\"><font style=\"vertical-align: inherit;\">M\u00e1s informaci\u00f3n<\/font><\/font><\/div><span class=\"uagb-button__icon uagb-button__icon-position-after\"><svg xmlns=\"https:\/\/www.w3.org\/2000\/svg\" viewBox=\"0 0 448 512\" aria-hidden=\"true\" focussable=\"false\"><path d=\"M380.9 97.1C339 55.1 283.2 32 223.9 32c-122.4 0-222 99.6-222 222 0 39.1 10.2 77.3 29.6 111L0 480l117.7-30.9c32.4 17.7 68.9 27 106.1 27h.1c122.3 0 224.1-99.6 224.1-222 0-59.3-25.2-115-67.1-157zm-157 341.6c-33.2 0-65.7-8.9-94-25.7l-6.7-4-69.8 18.3L72 359.2l-4.4-7c-18.5-29.4-28.2-63.3-28.2-98.2 0-101.7 82.8-184.5 184.6-184.5 49.3 0 95.6 19.2 130.4 54.1 34.8 34.9 56.2 81.2 56.1 130.5 0 101.8-84.9 184.6-186.6 184.6zm101.2-138.2c-5.5-2.8-32.8-16.2-37.9-18-5.1-1.9-8.8-2.8-12.5 2.8-3.7 5.6-14.3 18-17.6 21.8-3.2 3.7-6.5 4.2-12 1.4-32.6-16.3-54-29.1-75.5-66-5.7-9.8 5.7-9.1 16.3-30.3 1.8-3.7 .9-6.9-.5-9.7-1.4-2.8-12.5-30.1-17.1-41.2-4.5-10.8-9.1-9.3-12.5-9.5-3.2-.2-6.9-.2-10.6-.2-3.7 0-9.7 1.4-14.8 6.9-5.1 5.6-19.4 19-19.4 46.3 0 27.3 19.9 53.7 22.6 57.4 2.8 3.7 39.1 59.7 94.8 83.8 35.2 15.2 49 16.5 66.6 13.9 10.7-1.6 32.8-13.4 37.4-26.4 4.6-13 4.6-24.1 3.2-26.4-1.3-2.5-5-3.9-10.5-6.6z\"><\/path><\/svg><\/span><\/a><\/div><\/div><\/div><\/div><div class=\"wp-block-group alignwide vw-gardening-landscaping our-expertise my-3 mx-0\"><div class=\"wp-block-group__inner-container is-layout-flow wp-block-group-is-layout-flow\"><div class=\"wp-block-ive-ibtana-visual-editorheading\"><div class=\"ive-advanced-text-wrap ive-div-advance-text_6a0c44-9f undefined text-center text-md-center text-lg-center text-xl-center\"><h2 class=\"ive-heading-parent undefined ive-advanced-text-inner-wrap ive-adv-advance-text_6a0c44-9f ive-lh-xs-30 ive-lh-sm-30 ive-lh-md-30 ive-lh-lg-30 ive-lh-xl-30\" id=\"ive-adv-advance-text_6a0c44-9f\"><br>Nuestros Servicios<\/h2><\/div><\/div>\n\n<div class=\"wp-block-columns alignwide vw-gardening-landscaping service-col mx-md-5 mx-0 is-layout-flex wp-container-core-columns-is-layout-1 wp-block-columns-is-layout-flex\"><div class=\"wp-block-column vw-gardening-landscaping expertise-col p-4 mb-5 mx-3 mx-lg-0 mx-md-0 is-layout-flow wp-block-column-is-layout-flow\"><div class=\"wp-block-image text-center\"><figure class=\"aligncenter size-full is-resized\"><img loading=\"lazy\" decoding=\"async\" width=\"600\" height=\"600\" src=\"https:\/\/altergenieria.com\/wp-content\/uploads\/2023\/08\/Icon-Solar-panel.png\" alt=\"\" class=\"wp-image-108\" style=\"object-fit:cover;width:100px;height:100px\" srcset=\"https:\/\/altergenieria.com\/wp-content\/uploads\/2023\/08\/Icon-Solar-panel.png 600w, https:\/\/altergenieria.com\/wp-content\/uploads\/2023\/08\/Icon-Solar-panel-300x300.png 300w, https:\/\/altergenieria.com\/wp-content\/uploads\/2023\/08\/Icon-Solar-panel-100x100.png 100w, https:\/\/altergenieria.com\/wp-content\/uploads\/2023\/08\/Icon-Solar-panel-150x150.png 150w\" sizes=\"auto, (max-width: 600px) 100vw, 600px\" \/><\/figure><\/div>\n\n<div class=\"wp-block-ive-ibtana-visual-editorheading\"><div class=\"ive-advanced-text-wrap ive-div-advance-text_795a72-35 undefined text-center text-md-center text-lg-center text-xl-center\"><h3 class=\"ive-heading-parent undefined ive-advanced-text-inner-wrap ive-adv-advance-text_795a72-35 ive-lh-xs-30 ive-lh-sm-30 ive-lh-md-30 ive-lh-lg-30 ive-lh-xl-30\" id=\"ive-adv-advance-text_795a72-35\">Dise\u00f1o<\/h3><\/div><\/div>\n\n<div class=\"wp-block-ive-ibtana-visual-editorheading\"><div class=\"ive-advanced-text-wrap ive-div-advance-text_5270c1-c2 undefined text-center text-md-center text-lg-center text-xl-center\"><p class=\"ive-heading-parent undefined ive-advanced-text-inner-wrap ive-adv-advance-text_5270c1-c2 ive-lh-xs-30 ive-lh-sm-30 ive-lh-md-30 ive-lh-lg-30 ive-lh-xl-30\" id=\"ive-adv-advance-text_5270c1-c2\">Proyectos independientes hasta conectados a la red.<\/p><\/div><\/div>\n\n<div class=\"wp-block-ive-ibtana-visual-editorbtn btn-inner-wrap ive-btn-main-parent_318858-1a vw-gardening-landscaping our-expertise-btn text-center\"><div class=\"ive-btn-wrap ive-btn-unique_318858-1a undefined ive-btn-wrap-0 ive-btn-align  text-center text-sm-left text-lg-center text-xl-center \"><a class=\"anchrstyle ive-button-ad_318858-1a ive-button-0 ive-btn-0-action ive-btn-svg-showalways ive-btn-has-text-true\" href=\"https:\/\/altergenieria.com\/?page_id=266\" target=\"_self\" rel=\"noreferrer noopener\"><span class=\"ive-btn-inner-text\">Leer m\u00e1s<\/span><\/a><\/div><\/div><\/div>\n\n<div class=\"wp-block-column vw-gardening-landscaping expertise-col p-4 mb-5 mx-3 mx-lg-0 mx-md-0 is-layout-flow wp-block-column-is-layout-flow\"><div class=\"wp-block-image text-center\"><figure class=\"aligncenter size-full is-resized\"><img loading=\"lazy\" decoding=\"async\" width=\"600\" height=\"600\" src=\"https:\/\/altergenieria.com\/wp-content\/uploads\/2023\/08\/Icon-Supplies.png\" alt=\"\" class=\"wp-image-110\" style=\"object-fit:cover;width:100px;height:100px\" srcset=\"https:\/\/altergenieria.com\/wp-content\/uploads\/2023\/08\/Icon-Supplies.png 600w, https:\/\/altergenieria.com\/wp-content\/uploads\/2023\/08\/Icon-Supplies-300x300.png 300w, https:\/\/altergenieria.com\/wp-content\/uploads\/2023\/08\/Icon-Supplies-100x100.png 100w, https:\/\/altergenieria.com\/wp-content\/uploads\/2023\/08\/Icon-Supplies-150x150.png 150w\" sizes=\"auto, (max-width: 600px) 100vw, 600px\" \/><\/figure><\/div>\n\n<div class=\"wp-block-ive-ibtana-visual-editorheading\"><div class=\"ive-advanced-text-wrap ive-div-advance-text_43a95c-77 undefined text-center text-md-center text-lg-center text-xl-center\"><h3 class=\"ive-heading-parent undefined ive-advanced-text-inner-wrap ive-adv-advance-text_43a95c-77 ive-lh-xs-30 ive-lh-sm-30 ive-lh-md-30 ive-lh-lg-30 ive-lh-xl-30\" id=\"ive-adv-advance-text_43a95c-77\">Gesti\u00f3n de insumos<\/h3><\/div><\/div>\n\n<div class=\"wp-block-ive-ibtana-visual-editorheading\"><div class=\"ive-advanced-text-wrap ive-div-advance-text_261b58-bc undefined text-center text-md-center text-lg-center text-xl-center\"><p class=\"ive-heading-parent undefined ive-advanced-text-inner-wrap ive-adv-advance-text_261b58-bc ive-lh-xs-30 ive-lh-sm-30 ive-lh-md-30 ive-lh-lg-30 ive-lh-xl-30\" id=\"ive-adv-advance-text_261b58-bc\">Lo \u00faltimo en tecnolog\u00eda disponible con certificaci\u00f3n Colombiana.<\/p><\/div><\/div>\n\n<div class=\"wp-block-ive-ibtana-visual-editorbtn btn-inner-wrap ive-btn-main-parent_fc674e-3f vw-gardening-landscaping our-expertise-btn text-center\"><div class=\"ive-btn-wrap ive-btn-unique_fc674e-3f undefined ive-btn-wrap-0 ive-btn-align  text-center text-sm-left text-lg-center text-xl-center \"><a class=\"anchrstyle ive-button-ad_fc674e-3f ive-button-0 ive-btn-0-action ive-btn-svg-showalways ive-btn-has-text-true\" href=\"https:\/\/altergenieria.com\/?page_id=269\" target=\"_self\" rel=\"noreferrer noopener\"><span class=\"ive-btn-inner-text\">Leer m\u00e1s<\/span><\/a><\/div><\/div><\/div>\n\n<div class=\"wp-block-column vw-gardening-landscaping expertise-col p-4 mb-5 mx-3 mx-lg-0 mx-md-0 is-layout-flow wp-block-column-is-layout-flow\"><div class=\"wp-block-image text-center\"><figure class=\"aligncenter size-full is-resized\"><img loading=\"lazy\" decoding=\"async\" width=\"600\" height=\"600\" src=\"https:\/\/altergenieria.com\/wp-content\/uploads\/2023\/08\/Icon-Helmet.png\" alt=\"\" class=\"wp-image-113\" style=\"object-fit:cover;width:100px;height:100px\" srcset=\"https:\/\/altergenieria.com\/wp-content\/uploads\/2023\/08\/Icon-Helmet.png 600w, https:\/\/altergenieria.com\/wp-content\/uploads\/2023\/08\/Icon-Helmet-300x300.png 300w, https:\/\/altergenieria.com\/wp-content\/uploads\/2023\/08\/Icon-Helmet-100x100.png 100w, https:\/\/altergenieria.com\/wp-content\/uploads\/2023\/08\/Icon-Helmet-150x150.png 150w\" sizes=\"auto, (max-width: 600px) 100vw, 600px\" \/><\/figure><\/div>\n\n<div class=\"wp-block-ive-ibtana-visual-editorheading\"><div class=\"ive-advanced-text-wrap ive-div-advance-text_94c4a9-9a undefined text-center text-md-center text-lg-center text-xl-center\"><h3 class=\"ive-heading-parent undefined ive-advanced-text-inner-wrap ive-adv-advance-text_94c4a9-9a ive-lh-xs-30 ive-lh-sm-30 ive-lh-md-30 ive-lh-lg-30 ive-lh-xl-30\" id=\"ive-adv-advance-text_94c4a9-9a\">Asesor\u00edas<\/h3><\/div><\/div>\n\n<div class=\"wp-block-ive-ibtana-visual-editorheading\"><div class=\"ive-advanced-text-wrap ive-div-advance-text_1cc39a-8a undefined text-center text-md-center text-lg-center text-xl-center\"><p class=\"ive-heading-parent undefined ive-advanced-text-inner-wrap ive-adv-advance-text_1cc39a-8a ive-lh-xs-30 ive-lh-sm-30 ive-lh-md-30 ive-lh-lg-30 ive-lh-xl-30\" id=\"ive-adv-advance-text_1cc39a-8a\">Apoyo en sus decisiones y gesti\u00f3n de proyectos.<\/p><\/div><\/div>\n\n<div class=\"wp-block-ive-ibtana-visual-editorbtn btn-inner-wrap ive-btn-main-parent_558b5d-82 vw-gardening-landscaping our-expertise-btn text-center\"><div class=\"ive-btn-wrap ive-btn-unique_558b5d-82 undefined ive-btn-wrap-0 ive-btn-align  text-center text-sm-left text-lg-center text-xl-center \"><a class=\"anchrstyle ive-button-ad_558b5d-82 ive-button-0 ive-btn-0-action ive-btn-svg-showalways ive-btn-has-text-true\" href=\"https:\/\/altergenieria.com\/?page_id=955\" target=\"_self\" rel=\"noreferrer noopener\"><span class=\"ive-btn-inner-text\">Leer m\u00e1s <\/span><\/a><\/div><\/div><\/div><\/div><\/div><\/div>","protected":false},"excerpt":{"rendered":"<p>Energ\u00eda Solar -Paneles Solares<\/p>\n","protected":false},"author":1,"featured_media":77,"parent":0,"menu_order":0,"comment_status":"closed","ping_status":"closed","template":"page-template\/home-custom.php","meta":{"_regular_price":[],"currency_symbol":[],"_uag_custom_page_level_css":"","footnotes":""},"class_list":["post-2","page","type-page","status-publish","has-post-thumbnail","hentry"],"post_slider_layout_featured_media_urls":{"thumbnail":"","post_slider_layout_landscape_large":"","post_slider_layout_portrait_large":"","post_slider_layout_square_large":"","post_slider_layout_landscape":"","post_slider_layout_portrait":"","post_slider_layout_square":"","full":""},"yoast_head":"<!-- This site is optimized with the Yoast SEO plugin v24.0 - https:\/\/yoast.com\/wordpress\/plugins\/seo\/ -->\n<title>P\u00e1gina Principal -<\/title>\n<meta name=\"description\" content=\"Energ\u00eda solar Valledupar -\" \/>\n<meta name=\"robots\" content=\"index, follow, max-snippet:-1, max-image-preview:large, max-video-preview:-1\" \/>\n<link rel=\"canonical\" href=\"https:\/\/altergenieria.com\/\" \/>\n<meta property=\"og:locale\" content=\"es_ES\" \/>\n<meta property=\"og:type\" content=\"article\" \/>\n<meta property=\"og:title\" content=\"P\u00e1gina Principal -\" \/>\n<meta property=\"og:description\" content=\"Energ\u00eda solar Valledupar -\" \/>\n<meta property=\"og:url\" content=\"https:\/\/altergenieria.com\/\" \/>\n<meta property=\"article:modified_time\" content=\"2024-12-28T13:13:35+00:00\" \/>\n<meta property=\"og:image\" content=\"https:\/\/altergenieria.com\/wp-content\/uploads\/2024\/11\/PROYECTO-RESIDENCIA4-scaled.jpg\" \/>\n\t<meta property=\"og:image:width\" content=\"2560\" \/>\n\t<meta property=\"og:image:height\" content=\"1154\" \/>\n\t<meta property=\"og:image:type\" content=\"image\/jpeg\" \/>\n<meta name=\"twitter:card\" content=\"summary_large_image\" \/>\n<meta name=\"twitter:label1\" content=\"Tiempo de lectura\" \/>\n\t<meta name=\"twitter:data1\" content=\"2 minutos\" \/>\n<script type=\"application\/ld+json\" class=\"yoast-schema-graph\">{\"@context\":\"https:\/\/schema.org\",\"@graph\":[{\"@type\":\"WebPage\",\"@id\":\"https:\/\/altergenieria.com\/\",\"url\":\"https:\/\/altergenieria.com\/\",\"name\":\"P\u00e1gina Principal -\",\"isPartOf\":{\"@id\":\"https:\/\/altergenieria.com\/#website\"},\"primaryImageOfPage\":{\"@id\":\"https:\/\/altergenieria.com\/#primaryimage\"},\"image\":{\"@id\":\"https:\/\/altergenieria.com\/#primaryimage\"},\"thumbnailUrl\":\"\",\"datePublished\":\"2023-07-29T22:11:30+00:00\",\"dateModified\":\"2024-12-28T13:13:35+00:00\",\"description\":\"Energ\u00eda solar Valledupar -\",\"breadcrumb\":{\"@id\":\"https:\/\/altergenieria.com\/#breadcrumb\"},\"inLanguage\":\"es-CO\",\"potentialAction\":[{\"@type\":\"ReadAction\",\"target\":[\"https:\/\/altergenieria.com\/\"]}]},{\"@type\":\"ImageObject\",\"inLanguage\":\"es-CO\",\"@id\":\"https:\/\/altergenieria.com\/#primaryimage\",\"url\":\"\",\"contentUrl\":\"\"},{\"@type\":\"BreadcrumbList\",\"@id\":\"https:\/\/altergenieria.com\/#breadcrumb\",\"itemListElement\":[{\"@type\":\"ListItem\",\"position\":1,\"name\":\"Home\",\"item\":\"https:\/\/altergenieria.com\/\"},{\"@type\":\"ListItem\",\"position\":2,\"name\":\"P\u00e1gina Principal\"}]},{\"@type\":\"WebSite\",\"@id\":\"https:\/\/altergenieria.com\/#website\",\"url\":\"https:\/\/altergenieria.com\/\",\"name\":\"https:\/\/altergenieria.com\/\",\"description\":\"Integramos electr\u00f3nica y Electricidad a tu medida.\",\"publisher\":{\"@id\":\"https:\/\/altergenieria.com\/#organization\"},\"potentialAction\":[{\"@type\":\"SearchAction\",\"target\":{\"@type\":\"EntryPoint\",\"urlTemplate\":\"https:\/\/altergenieria.com\/?s={search_term_string}\"},\"query-input\":{\"@type\":\"PropertyValueSpecification\",\"valueRequired\":true,\"valueName\":\"search_term_string\"}}],\"inLanguage\":\"es-CO\"},{\"@type\":\"Organization\",\"@id\":\"https:\/\/altergenieria.com\/#organization\",\"name\":\"ALTERNATIVA E INGENIER\u00cdA\",\"url\":\"https:\/\/altergenieria.com\/\",\"logo\":{\"@type\":\"ImageObject\",\"inLanguage\":\"es-CO\",\"@id\":\"https:\/\/altergenieria.com\/#\/schema\/logo\/image\/\",\"url\":\"https:\/\/altergenieria.com\/wp-content\/uploads\/2023\/08\/cropped-Logo-Name.png\",\"contentUrl\":\"https:\/\/altergenieria.com\/wp-content\/uploads\/2023\/08\/cropped-Logo-Name.png\",\"width\":1461,\"height\":400,\"caption\":\"ALTERNATIVA E INGENIER\u00cdA\"},\"image\":{\"@id\":\"https:\/\/altergenieria.com\/#\/schema\/logo\/image\/\"},\"sameAs\":[\"https:\/\/www.instagram.com\/altergenieria\/#\"]}]}<\/script>\n<!-- \/ Yoast SEO plugin. -->","yoast_head_json":{"title":"P\u00e1gina Principal -","description":"Energ\u00eda solar Valledupar -","robots":{"index":"index","follow":"follow","max-snippet":"max-snippet:-1","max-image-preview":"max-image-preview:large","max-video-preview":"max-video-preview:-1"},"canonical":"https:\/\/altergenieria.com\/","og_locale":"es_ES","og_type":"article","og_title":"P\u00e1gina Principal -","og_description":"Energ\u00eda solar Valledupar -","og_url":"https:\/\/altergenieria.com\/","article_modified_time":"2024-12-28T13:13:35+00:00","og_image":[{"width":2560,"height":1154,"url":"https:\/\/altergenieria.com\/wp-content\/uploads\/2024\/11\/PROYECTO-RESIDENCIA4-scaled.jpg","type":"image\/jpeg"}],"twitter_card":"summary_large_image","twitter_misc":{"Tiempo de lectura":"2 minutos"},"schema":{"@context":"https:\/\/schema.org","@graph":[{"@type":"WebPage","@id":"https:\/\/altergenieria.com\/","url":"https:\/\/altergenieria.com\/","name":"P\u00e1gina Principal -","isPartOf":{"@id":"https:\/\/altergenieria.com\/#website"},"primaryImageOfPage":{"@id":"https:\/\/altergenieria.com\/#primaryimage"},"image":{"@id":"https:\/\/altergenieria.com\/#primaryimage"},"thumbnailUrl":"","datePublished":"2023-07-29T22:11:30+00:00","dateModified":"2024-12-28T13:13:35+00:00","description":"Energ\u00eda solar Valledupar -","breadcrumb":{"@id":"https:\/\/altergenieria.com\/#breadcrumb"},"inLanguage":"es-CO","potentialAction":[{"@type":"ReadAction","target":["https:\/\/altergenieria.com\/"]}]},{"@type":"ImageObject","inLanguage":"es-CO","@id":"https:\/\/altergenieria.com\/#primaryimage","url":"","contentUrl":""},{"@type":"BreadcrumbList","@id":"https:\/\/altergenieria.com\/#breadcrumb","itemListElement":[{"@type":"ListItem","position":1,"name":"Home","item":"https:\/\/altergenieria.com\/"},{"@type":"ListItem","position":2,"name":"P\u00e1gina Principal"}]},{"@type":"WebSite","@id":"https:\/\/altergenieria.com\/#website","url":"https:\/\/altergenieria.com\/","name":"https:\/\/altergenieria.com\/","description":"Integramos electr\u00f3nica y Electricidad a tu medida.","publisher":{"@id":"https:\/\/altergenieria.com\/#organization"},"potentialAction":[{"@type":"SearchAction","target":{"@type":"EntryPoint","urlTemplate":"https:\/\/altergenieria.com\/?s={search_term_string}"},"query-input":{"@type":"PropertyValueSpecification","valueRequired":true,"valueName":"search_term_string"}}],"inLanguage":"es-CO"},{"@type":"Organization","@id":"https:\/\/altergenieria.com\/#organization","name":"ALTERNATIVA E INGENIER\u00cdA","url":"https:\/\/altergenieria.com\/","logo":{"@type":"ImageObject","inLanguage":"es-CO","@id":"https:\/\/altergenieria.com\/#\/schema\/logo\/image\/","url":"https:\/\/altergenieria.com\/wp-content\/uploads\/2023\/08\/cropped-Logo-Name.png","contentUrl":"https:\/\/altergenieria.com\/wp-content\/uploads\/2023\/08\/cropped-Logo-Name.png","width":1461,"height":400,"caption":"ALTERNATIVA E INGENIER\u00cdA"},"image":{"@id":"https:\/\/altergenieria.com\/#\/schema\/logo\/image\/"},"sameAs":["https:\/\/www.instagram.com\/altergenieria\/#"]}]}},"jetpack_sharing_enabled":true,"uagb_featured_image_src":{"full":false,"thumbnail":false,"medium":false,"medium_large":false,"large":false,"1536x1536":false,"2048x2048":false,"post_slider_layout_landscape_large":false,"post_slider_layout_portrait_large":false,"post_slider_layout_square_large":false,"post_slider_layout_landscape":false,"post_slider_layout_portrait":false,"post_slider_layout_square":false,"solar-power-homepage-thumb":false,"woocommerce_thumbnail":false,"woocommerce_single":false,"woocommerce_gallery_thumbnail":false},"uagb_author_info":{"display_name":"altergenieria.com","author_link":"https:\/\/altergenieria.com\/?author=1"},"uagb_comment_info":0,"uagb_excerpt":"Energ\u00eda Solar -Paneles Solares","_links":{"self":[{"href":"https:\/\/altergenieria.com\/index.php?rest_route=\/wp\/v2\/pages\/2","targetHints":{"allow":["GET"]}}],"collection":[{"href":"https:\/\/altergenieria.com\/index.php?rest_route=\/wp\/v2\/pages"}],"about":[{"href":"https:\/\/altergenieria.com\/index.php?rest_route=\/wp\/v2\/types\/page"}],"author":[{"embeddable":true,"href":"https:\/\/altergenieria.com\/index.php?rest_route=\/wp\/v2\/users\/1"}],"replies":[{"embeddable":true,"href":"https:\/\/altergenieria.com\/index.php?rest_route=%2Fwp%2Fv2%2Fcomments&post=2"}],"version-history":[{"count":242,"href":"https:\/\/altergenieria.com\/index.php?rest_route=\/wp\/v2\/pages\/2\/revisions"}],"predecessor-version":[{"id":1321,"href":"https:\/\/altergenieria.com\/index.php?rest_route=\/wp\/v2\/pages\/2\/revisions\/1321"}],"wp:featuredmedia":[{"embeddable":true,"href":"https:\/\/altergenieria.com\/index.php?rest_route=\/"}],"wp:attachment":[{"href":"https:\/\/altergenieria.com\/index.php?rest_route=%2Fwp%2Fv2%2Fmedia&parent=2"}],"curies":[{"name":"wp","href":"https:\/\/api.w.org\/{rel}","templated":true}]}}